{"id":43717,"date":"2020-08-20T15:05:26","date_gmt":"2020-08-20T13:05:26","guid":{"rendered":"https:\/\/b4k.se\/product\/blemished-skin-toner\/"},"modified":"2026-01-22T14:33:32","modified_gmt":"2026-01-22T13:33:32","slug":"blemished-skin-toner","status":"publish","type":"product","link":"https:\/\/b4k.se\/no\/produkt\/blemished-skin-toner\/","title":{"rendered":"Pevonia Blemished Skin Toner 120 ml."},"content":{"rendered":"<p>Anv\u00e4ndning:<br \/>\nTorka av huden efter noggrann reng\u00f6ring med SpaTeen\u00ae Blemished Skin Cleanser. Svep en bomullspad fuktad av denna toner \u00f6ver ansikte och hals.<\/p>\n<p>Anv\u00e4nd morgon och kv\u00e4ll.<\/p>\n","protected":false},"excerpt":{"rendered":"<p>Ta bort f\u00f6roreningar och \u00f6verfl\u00f6dig olja som kan t\u00e4ppa till porer med denna alkoholfria toner.<\/p>\n<p>Blemished Skin Toner slutf\u00f6r reng\u00f6ringen, tar bort f\u00f6roreningar fr\u00e5n kranvatten, bek\u00e4mpar bakterier, lugnar, l\u00e4ker och f\u00f6rbereder huden f\u00f6r vidare behandling.<\/p>\n<p>Passar alla ton\u00e5ringar och vuxna med akne och hud som tenderar att vara k\u00e4nslig eller l\u00e4tt blir r\u00f6d och irriterad.<\/p>\n","protected":false},"featured_media":43718,"template":"","meta":[],"product_brand":[],"product_cat":[287,298,296,297,321],"product_tag":[],"class_list":{"0":"post-43717","1":"product","2":"type-product","3":"status-publish","4":"has-post-thumbnail","6":"product_cat-alla-produkter","7":"product_cat-essential","8":"product_cat-pevonia-2","9":"product_cat-retail","10":"product_cat-spa-teen-blemished-skin-line","12":"first","13":"instock","14":"taxable","15":"shipping-taxable","16":"purchasable","17":"product-type-simple"},"shsp-ext":{"main":{},"variations":[]},"_links":{"self":[{"href":"https:\/\/b4k.se\/no\/wp-json\/wp\/v2\/product\/43717","targetHints":{"allow":["GET"]}}],"collection":[{"href":"https:\/\/b4k.se\/no\/wp-json\/wp\/v2\/product"}],"about":[{"href":"https:\/\/b4k.se\/no\/wp-json\/wp\/v2\/types\/product"}],"wp:featuredmedia":[{"embeddable":true,"href":"https:\/\/b4k.se\/no\/wp-json\/wp\/v2\/media\/43718"}],"wp:attachment":[{"href":"https:\/\/b4k.se\/no\/wp-json\/wp\/v2\/media?parent=43717"}],"wp:term":[{"taxonomy":"product_brand","embeddable":true,"href":"https:\/\/b4k.se\/no\/wp-json\/wp\/v2\/product_brand?post=43717"},{"taxonomy":"product_cat","embeddable":true,"href":"https:\/\/b4k.se\/no\/wp-json\/wp\/v2\/product_cat?post=43717"},{"taxonomy":"product_tag","embeddable":true,"href":"https:\/\/b4k.se\/no\/wp-json\/wp\/v2\/product_tag?post=43717"}],"curies":[{"name":"wp","href":"https:\/\/api.w.org\/{rel}","templated":true}]}}