{"id":43707,"date":"2023-01-23T14:04:28","date_gmt":"2023-01-23T13:04:28","guid":{"rendered":"https:\/\/b4k.se\/product\/clear-control-moisturizer-50g-1-7oz-2\/"},"modified":"2026-03-24T09:42:51","modified_gmt":"2026-03-24T08:42:51","slug":"clear-control-moisturizer-50g-1-7oz-2","status":"publish","type":"product","link":"https:\/\/b4k.se\/no\/produkt\/clear-control-moisturizer-50g-1-7oz-2\/","title":{"rendered":"Clear-Control Moisturizer"},"content":{"rendered":"<p><strong>Anv\u00e4ndning:<\/strong><\/p>\n<p>Anv\u00e4nd morgon och\/eller kv\u00e4ll. Applicera \u00f6ver hela ansiktet och halsen efter reng\u00f6ring med Clear-Control Exfoliator.<\/p>\n","protected":false},"excerpt":{"rendered":"<p>Denna kliniskt bevisade ansiktskr\u00e4m \u00e4r oljefri och har en l\u00e4tt textur. Den behandlar akne och har ett innovativt multifunktionellt komplex best\u00e5ende av extrakt fr\u00e5n zinkklorid, hydrolyserat veteprotein, kanel, timjan, malva, och trollhassel. Ingredienserna ger antiseptiska, lugnande och reparerande f\u00f6rdelar.<\/p>\n<p>Passar alla med akne eller tendens till det, finnar och pormaskar. Kan \u00e4ven anv\u00e4ndas p\u00e5 br\u00f6st och rygg.<\/p>\n","protected":false},"featured_media":43709,"template":"","meta":[],"product_brand":[],"product_cat":[287,298,296,320,297],"product_tag":[],"class_list":{"0":"post-43707","1":"product","2":"type-product","3":"status-publish","4":"has-post-thumbnail","6":"product_cat-alla-produkter","7":"product_cat-essential","8":"product_cat-pevonia-2","9":"product_cat-procorrective-clear-control","10":"product_cat-retail","12":"first","13":"instock","14":"taxable","15":"shipping-taxable","16":"purchasable","17":"product-type-simple"},"shsp-ext":{"main":{},"variations":[]},"_links":{"self":[{"href":"https:\/\/b4k.se\/no\/wp-json\/wp\/v2\/product\/43707","targetHints":{"allow":["GET"]}}],"collection":[{"href":"https:\/\/b4k.se\/no\/wp-json\/wp\/v2\/product"}],"about":[{"href":"https:\/\/b4k.se\/no\/wp-json\/wp\/v2\/types\/product"}],"wp:featuredmedia":[{"embeddable":true,"href":"https:\/\/b4k.se\/no\/wp-json\/wp\/v2\/media\/43709"}],"wp:attachment":[{"href":"https:\/\/b4k.se\/no\/wp-json\/wp\/v2\/media?parent=43707"}],"wp:term":[{"taxonomy":"product_brand","embeddable":true,"href":"https:\/\/b4k.se\/no\/wp-json\/wp\/v2\/product_brand?post=43707"},{"taxonomy":"product_cat","embeddable":true,"href":"https:\/\/b4k.se\/no\/wp-json\/wp\/v2\/product_cat?post=43707"},{"taxonomy":"product_tag","embeddable":true,"href":"https:\/\/b4k.se\/no\/wp-json\/wp\/v2\/product_tag?post=43707"}],"curies":[{"name":"wp","href":"https:\/\/api.w.org\/{rel}","templated":true}]}}