{"id":43705,"date":"2023-01-23T14:04:25","date_gmt":"2023-01-23T13:04:25","guid":{"rendered":"https:\/\/b4k.se\/product\/clear-control-exfoliator-150g-5oz\/"},"modified":"2026-03-25T11:27:02","modified_gmt":"2026-03-25T10:27:02","slug":"clear-control-exfoliator-150g-5oz","status":"publish","type":"product","link":"https:\/\/b4k.se\/no\/produkt\/clear-control-exfoliator-150g-5oz\/","title":{"rendered":"Clear-Control Exfoliator"},"content":{"rendered":"<p><strong>Anv\u00e4ndning:<\/strong><\/p>\n<p>Anv\u00e4nd morgon och kv\u00e4ll. Applicera en liten m\u00e4ngd av denna Clear-Control Exfoliator \u00f6ver hela ansiktet och halsen p\u00e5 torr hud och massera in den f\u00f6rsiktigt. Arbeta sedan in den med bl\u00f6ta fingertoppar tills det skummar. Sk\u00f6lj av med varmt vatten.<\/p>\n","protected":false},"excerpt":{"rendered":"<p>Denna uppfr\u00e4schande ansiktsreng\u00f6ring med exfolierande Jojoba-p\u00e4rlor avl\u00e4gsnar effektivt d\u00f6da hudceller och orenheter. Inneh\u00e5ller bl.a. Kaolinlera f\u00f6r att enkelt ta bort \u00f6verfl\u00f6diga bakterier, olja, smink och smuts.<\/p>\n<p>Passar alla med akne eller tendens till det, finnar och pormaskar. Kan \u00e4ven anv\u00e4ndas p\u00e5 br\u00f6st och rygg.<\/p>\n","protected":false},"featured_media":43706,"template":"","meta":[],"product_brand":[],"product_cat":[287,298,296,320,297],"product_tag":[],"class_list":{"0":"post-43705","1":"product","2":"type-product","3":"status-publish","4":"has-post-thumbnail","6":"product_cat-alla-produkter","7":"product_cat-essential","8":"product_cat-pevonia-2","9":"product_cat-procorrective-clear-control","10":"product_cat-retail","12":"first","13":"instock","14":"taxable","15":"shipping-taxable","16":"purchasable","17":"product-type-simple"},"shsp-ext":{"main":{},"variations":[]},"_links":{"self":[{"href":"https:\/\/b4k.se\/no\/wp-json\/wp\/v2\/product\/43705","targetHints":{"allow":["GET"]}}],"collection":[{"href":"https:\/\/b4k.se\/no\/wp-json\/wp\/v2\/product"}],"about":[{"href":"https:\/\/b4k.se\/no\/wp-json\/wp\/v2\/types\/product"}],"wp:featuredmedia":[{"embeddable":true,"href":"https:\/\/b4k.se\/no\/wp-json\/wp\/v2\/media\/43706"}],"wp:attachment":[{"href":"https:\/\/b4k.se\/no\/wp-json\/wp\/v2\/media?parent=43705"}],"wp:term":[{"taxonomy":"product_brand","embeddable":true,"href":"https:\/\/b4k.se\/no\/wp-json\/wp\/v2\/product_brand?post=43705"},{"taxonomy":"product_cat","embeddable":true,"href":"https:\/\/b4k.se\/no\/wp-json\/wp\/v2\/product_cat?post=43705"},{"taxonomy":"product_tag","embeddable":true,"href":"https:\/\/b4k.se\/no\/wp-json\/wp\/v2\/product_tag?post=43705"}],"curies":[{"name":"wp","href":"https:\/\/api.w.org\/{rel}","templated":true}]}}