{"id":43699,"date":"2018-12-12T11:48:08","date_gmt":"2018-12-12T10:48:08","guid":{"rendered":"https:\/\/b4k.se\/product\/enzymo-spherides-peeling-cream\/"},"modified":"2026-04-13T17:07:52","modified_gmt":"2026-04-13T15:07:52","slug":"enzymo-spherides-peeling-cream","status":"publish","type":"product","link":"https:\/\/b4k.se\/no\/produkt\/enzymo-spherides-peeling-cream\/","title":{"rendered":"Enzymo-Sph\u00e9rides Peeling Cream"},"content":{"rendered":"<p><strong>Anv\u00e4ndning:<\/strong><\/p>\n<p><span style=\"font-weight: 400\">Anv\u00e4nd en eller tv\u00e5 g\u00e5nger i veckan. Applicera en liten m\u00e4ngd \u00f6ver hela ansiktet och nacken en liten bit fr\u00e5n \u00f6gonen. <\/span>Anv\u00e4nd sedan varmt vatten och arbeta f\u00f6rsiktigt in cremen med v\u00e5ta fingertoppar. <span style=\"font-weight: 400\">L\u00e5t den ligga p\u00e5 i 2 minuter och sk\u00f6lj sedan ordentligt med varmt vatten. <\/span><span style=\"font-weight: 400\">Applicera sedan en passande Pevonia Lotion\/Toner och en Pevonia Cream.<\/span><\/p>\n<p>&nbsp;<\/p>\n","protected":false},"excerpt":{"rendered":"<p>L\u00f6s upp d\u00f6da hudceller och smuts p\u00e5 huden med denna peeling creme. Denna djupreng\u00f6rande enzympeeling fr\u00e4schar upp, ger lyster och l\u00f6ser upp d\u00f6da hudceller och smuts.<\/p>\n<p>Passar alla hudtyper som vill ha en mild men samtidigt effektiv reng\u00f6ring som ger lyster och j\u00e4mnar ut hudtonen.<\/p>\n","protected":false},"featured_media":43700,"template":"","meta":[],"product_brand":[],"product_cat":[287,298,296,297,302],"product_tag":[],"class_list":{"0":"post-43699","1":"product","2":"type-product","3":"status-publish","4":"has-post-thumbnail","6":"product_cat-alla-produkter","7":"product_cat-essential","8":"product_cat-pevonia-2","9":"product_cat-retail","10":"product_cat-special-line","12":"first","13":"instock","14":"taxable","15":"shipping-taxable","16":"purchasable","17":"product-type-simple"},"shsp-ext":{"main":{},"variations":[]},"_links":{"self":[{"href":"https:\/\/b4k.se\/no\/wp-json\/wp\/v2\/product\/43699","targetHints":{"allow":["GET"]}}],"collection":[{"href":"https:\/\/b4k.se\/no\/wp-json\/wp\/v2\/product"}],"about":[{"href":"https:\/\/b4k.se\/no\/wp-json\/wp\/v2\/types\/product"}],"wp:featuredmedia":[{"embeddable":true,"href":"https:\/\/b4k.se\/no\/wp-json\/wp\/v2\/media\/43700"}],"wp:attachment":[{"href":"https:\/\/b4k.se\/no\/wp-json\/wp\/v2\/media?parent=43699"}],"wp:term":[{"taxonomy":"product_brand","embeddable":true,"href":"https:\/\/b4k.se\/no\/wp-json\/wp\/v2\/product_brand?post=43699"},{"taxonomy":"product_cat","embeddable":true,"href":"https:\/\/b4k.se\/no\/wp-json\/wp\/v2\/product_cat?post=43699"},{"taxonomy":"product_tag","embeddable":true,"href":"https:\/\/b4k.se\/no\/wp-json\/wp\/v2\/product_tag?post=43699"}],"curies":[{"name":"wp","href":"https:\/\/api.w.org\/{rel}","templated":true}]}}