{"id":43697,"date":"2018-12-12T11:40:57","date_gmt":"2018-12-12T10:40:57","guid":{"rendered":"https:\/\/b4k.se\/product\/gentle-exfoliating-cleanser\/"},"modified":"2026-03-18T14:03:31","modified_gmt":"2026-03-18T13:03:31","slug":"gentle-exfoliating-cleanser","status":"publish","type":"product","link":"https:\/\/b4k.se\/no\/produkt\/gentle-exfoliating-cleanser\/","title":{"rendered":"Gentle Exfoliating Cleanser"},"content":{"rendered":"<p><strong>Anv\u00e4ndning:<\/strong><\/p>\n<p><span style=\"font-weight: 400\">Applicera en liten m\u00e4ngd \u00f6ver hela ansiktet och nacken. <\/span><span style=\"font-weight: 400\">Arbeta in reng\u00f6ringen med v\u00e5ta fingertoppar. <\/span><span style=\"font-weight: 400\">Sk\u00f6lj med varmt vatten och torka av med handduk. <\/span><span style=\"font-weight: 400\">Applicera sedan en passande Pevonia Lotion\/Toner och en Pevonia Cream.<\/span><\/p>\n","protected":false},"excerpt":{"rendered":"<p><span style=\"font-weight: 400\">Reng\u00f6ring och peeling i en och samma produkt. Gentle Exfoliating Cleanser peelar f\u00f6rsiktigt bort d\u00f6da hudceller f\u00f6r att skapa en j\u00e4mnare hud och fr\u00e4mjar en h\u00e4lsosam, str\u00e5lande hudton.<\/span><\/p>\n<p><span style=\"font-weight: 400\">Passar alla hudtyper, s\u00e4rskilt de med torr, oj\u00e4mn hudtextur och igent\u00e4ppta porer, eller de som helt enkelt vill h\u00e5lla huden ren.<\/span><\/p>\n","protected":false},"featured_media":43698,"template":"","meta":[],"product_brand":[],"product_cat":[287,298,296,297,302],"product_tag":[],"class_list":{"0":"post-43697","1":"product","2":"type-product","3":"status-publish","4":"has-post-thumbnail","6":"product_cat-alla-produkter","7":"product_cat-essential","8":"product_cat-pevonia-2","9":"product_cat-retail","10":"product_cat-special-line","12":"first","13":"instock","14":"taxable","15":"shipping-taxable","16":"purchasable","17":"product-type-simple"},"shsp-ext":{"main":{},"variations":[]},"_links":{"self":[{"href":"https:\/\/b4k.se\/no\/wp-json\/wp\/v2\/product\/43697","targetHints":{"allow":["GET"]}}],"collection":[{"href":"https:\/\/b4k.se\/no\/wp-json\/wp\/v2\/product"}],"about":[{"href":"https:\/\/b4k.se\/no\/wp-json\/wp\/v2\/types\/product"}],"wp:featuredmedia":[{"embeddable":true,"href":"https:\/\/b4k.se\/no\/wp-json\/wp\/v2\/media\/43698"}],"wp:attachment":[{"href":"https:\/\/b4k.se\/no\/wp-json\/wp\/v2\/media?parent=43697"}],"wp:term":[{"taxonomy":"product_brand","embeddable":true,"href":"https:\/\/b4k.se\/no\/wp-json\/wp\/v2\/product_brand?post=43697"},{"taxonomy":"product_cat","embeddable":true,"href":"https:\/\/b4k.se\/no\/wp-json\/wp\/v2\/product_cat?post=43697"},{"taxonomy":"product_tag","embeddable":true,"href":"https:\/\/b4k.se\/no\/wp-json\/wp\/v2\/product_tag?post=43697"}],"curies":[{"name":"wp","href":"https:\/\/api.w.org\/{rel}","templated":true}]}}