{"id":43695,"date":"2018-12-12T11:37:45","date_gmt":"2018-12-12T10:37:45","guid":{"rendered":"https:\/\/b4k.se\/product\/renewing-glycocides-cream\/"},"modified":"2026-03-11T11:41:17","modified_gmt":"2026-03-11T10:41:17","slug":"renewing-glycocides-cream","status":"publish","type":"product","link":"https:\/\/b4k.se\/no\/produkt\/renewing-glycocides-cream\/","title":{"rendered":"Renewing Glycocides Cream"},"content":{"rendered":"<p><strong>Anv\u00e4ndning:<\/strong><\/p>\n<p>Appliceras p\u00e5 morgonen eller kv\u00e4llen \u00f6ver hela ansiktet och halsen, efter reng\u00f6ring med en passande Pevonia Cleanser f\u00f6ljt av en passande Pevonia Cream.<\/p>\n","protected":false},"excerpt":{"rendered":"<p><span style=\"font-weight: 400;\">Minska fina linjer, exfoliera och f\u00f6rb\u00e4ttra hudens struktur med denna \u00e5terfuktande och exfolierande kr\u00e4m. Resurfacing Glycocides Cream sl\u00e4tar ut linjer, ger lyster, \u00e5terfuktar och f\u00f6r\u00e4dlar hudens struktur.<\/span><\/p>\n<p><span style=\"font-weight: 400;\">Passar de med tecken p\u00e5 \u00e5ldrande och solskador inklusive fina linjer, m\u00f6rka fl\u00e4ckar, uttorkning, grov och oj\u00e4mn hudstruktur, liksom de med igent\u00e4ppta porer.<\/span><\/p>\n","protected":false},"featured_media":43696,"template":"","meta":[],"product_brand":[],"product_cat":[287,298,296,297,302],"product_tag":[],"class_list":{"0":"post-43695","1":"product","2":"type-product","3":"status-publish","4":"has-post-thumbnail","6":"product_cat-alla-produkter","7":"product_cat-essential","8":"product_cat-pevonia-2","9":"product_cat-retail","10":"product_cat-special-line","12":"first","13":"instock","14":"taxable","15":"shipping-taxable","16":"purchasable","17":"product-type-simple"},"shsp-ext":{"main":{},"variations":[]},"_links":{"self":[{"href":"https:\/\/b4k.se\/no\/wp-json\/wp\/v2\/product\/43695","targetHints":{"allow":["GET"]}}],"collection":[{"href":"https:\/\/b4k.se\/no\/wp-json\/wp\/v2\/product"}],"about":[{"href":"https:\/\/b4k.se\/no\/wp-json\/wp\/v2\/types\/product"}],"wp:featuredmedia":[{"embeddable":true,"href":"https:\/\/b4k.se\/no\/wp-json\/wp\/v2\/media\/43696"}],"wp:attachment":[{"href":"https:\/\/b4k.se\/no\/wp-json\/wp\/v2\/media?parent=43695"}],"wp:term":[{"taxonomy":"product_brand","embeddable":true,"href":"https:\/\/b4k.se\/no\/wp-json\/wp\/v2\/product_brand?post=43695"},{"taxonomy":"product_cat","embeddable":true,"href":"https:\/\/b4k.se\/no\/wp-json\/wp\/v2\/product_cat?post=43695"},{"taxonomy":"product_tag","embeddable":true,"href":"https:\/\/b4k.se\/no\/wp-json\/wp\/v2\/product_tag?post=43695"}],"curies":[{"name":"wp","href":"https:\/\/api.w.org\/{rel}","templated":true}]}}