{"id":43681,"date":"2018-12-14T09:05:33","date_gmt":"2018-12-14T08:05:33","guid":{"rendered":"https:\/\/b4k.se\/product\/provonia-rosacea-skin-kit-505020ml\/"},"modified":"2026-04-13T17:07:53","modified_gmt":"2026-04-13T15:07:53","slug":"provonia-rosacea-skin-kit-505020ml","status":"publish","type":"product","link":"https:\/\/b4k.se\/no\/produkt\/provonia-rosacea-skin-kit-505020ml\/","title":{"rendered":"Pevonia Rosacea Skin kit (50*50*20ml)"},"content":{"rendered":"<p><strong>Anv\u00e4ndning:<\/strong><\/p>\n<p>Applicera en liten m\u00e4ngd RS2 Gentle Cleanser \u00f6ver hela ansiktet och halsen. Massera f\u00f6rsiktigt in reng\u00f6ringen med v\u00e5ta fingertoppar. Avl\u00e4gsna med en fuktig tv\u00e4ttduk eller svamp. Efter reng\u00f6ringen, fukta en bomullspad med RS2 Gentle Lotion och svep \u00f6ver ansiktet och nacken. Applicera sedan RS2 Care Cream p\u00e5 samma omr\u00e5de \u00f6ver ansikte och nacke.<\/p>\n","protected":false},"excerpt":{"rendered":"<p>Lugna huden och minska rodnad, utvidgade kapill\u00e4rer och obehag orsakat av rosacea med denna lugnande och enkla 3-stegsrutin som inneh\u00e5ller en kr\u00e4mig reng\u00f6ring, alkoholfri toner och fuktkr\u00e4m i resestorlekar:<\/p>\n<ul>\n<li>RS2 Gentle Cleanser (50 ml)<\/li>\n<li>RS2 Gentle Lotion (50 ml)<\/li>\n<li>RS2 Care Cream (20 ml)<\/li>\n<\/ul>\n<p>Detta set \u00e4r idealiskt f\u00f6r de som beh\u00f6ver en enkel 3-stegsrutin, de som helt enkelt bara vill testa produkterna, eller de som vill ha praktiska resestorlekar.<\/p>\n<p>Passar alla med rosacea inklusive rodnad (med eller utan utslag), vidgade kapill\u00e4rer, obehag och \u00f6verk\u00e4nslighet.<\/p>\n","protected":false},"featured_media":43682,"template":"","meta":[],"product_brand":[],"product_cat":[287,298,296,297,305],"product_tag":[],"class_list":{"0":"post-43681","1":"product","2":"type-product","3":"status-publish","4":"has-post-thumbnail","6":"product_cat-alla-produkter","7":"product_cat-essential","8":"product_cat-pevonia-2","9":"product_cat-retail","10":"product_cat-rs2-line","12":"first","13":"instock","14":"taxable","15":"shipping-taxable","16":"purchasable","17":"product-type-simple"},"shsp-ext":{"main":{},"variations":[]},"_links":{"self":[{"href":"https:\/\/b4k.se\/no\/wp-json\/wp\/v2\/product\/43681","targetHints":{"allow":["GET"]}}],"collection":[{"href":"https:\/\/b4k.se\/no\/wp-json\/wp\/v2\/product"}],"about":[{"href":"https:\/\/b4k.se\/no\/wp-json\/wp\/v2\/types\/product"}],"wp:featuredmedia":[{"embeddable":true,"href":"https:\/\/b4k.se\/no\/wp-json\/wp\/v2\/media\/43682"}],"wp:attachment":[{"href":"https:\/\/b4k.se\/no\/wp-json\/wp\/v2\/media?parent=43681"}],"wp:term":[{"taxonomy":"product_brand","embeddable":true,"href":"https:\/\/b4k.se\/no\/wp-json\/wp\/v2\/product_brand?post=43681"},{"taxonomy":"product_cat","embeddable":true,"href":"https:\/\/b4k.se\/no\/wp-json\/wp\/v2\/product_cat?post=43681"},{"taxonomy":"product_tag","embeddable":true,"href":"https:\/\/b4k.se\/no\/wp-json\/wp\/v2\/product_tag?post=43681"}],"curies":[{"name":"wp","href":"https:\/\/api.w.org\/{rel}","templated":true}]}}