{"id":43679,"date":"2018-12-14T08:57:31","date_gmt":"2018-12-14T07:57:31","guid":{"rendered":"https:\/\/b4k.se\/product\/pevonia-sensitive-skin-kit-505020ml\/"},"modified":"2026-01-22T14:14:32","modified_gmt":"2026-01-22T13:14:32","slug":"pevonia-sensitive-skin-kit-505020ml","status":"publish","type":"product","link":"https:\/\/b4k.se\/no\/produkt\/pevonia-sensitive-skin-kit-505020ml\/","title":{"rendered":"Pevonia Sensitive Skin kit (50*50*20ml)"},"content":{"rendered":"<p><strong>Anv\u00e4ndning:<\/strong><\/p>\n<p><span style=\"font-weight: 400;\">Anv\u00e4nd Sensitive Skin Cleanser morgon och kv\u00e4ll genom att applicera en liten m\u00e4ngd \u00f6ver hela ansiktet och halsen. Arbeta in med fingertopparna. Ta bort med en tv\u00e4ttlapp, en svamp eller trasa med varmt vatten. F\u00f6lj upp med Sensitive Skin Lotion efter reng\u00f6ring. Torka av ansiktet och nacken med en bomullspad fuktad med Sensitive Skin Lotion eller anv\u00e4nd den n\u00e4r som helst f\u00f6r omedelbar kylning och lugnande f\u00f6rdelar. Applicera Sensitive Skin Cream morgon eller kv\u00e4ll efter reng\u00f6ring och toner. Applicera \u00f6ver hela ansiktet och halsen.<\/span><\/p>\n<p><span style=\"font-weight: 400;\">F\u00f6r f\u00f6rb\u00e4ttrade resultat, anv\u00e4nd produkterna i kombination med Soothing Propolis Concentrate (s\u00e4ljs separat).<\/span><\/p>\n","protected":false},"excerpt":{"rendered":"<p><span style=\"font-weight: 400;\">Med detta set lugnar, l\u00e4ker och minskar man hudens k\u00e4nslighet med en enkel 3-stegsrutin av budgetv\u00e4nliga och resev\u00e4nliga produkter. Setet inkluderar en kr\u00e4mig reng\u00f6ring, alkoholfri toner och \u00e5terfuktande fuktkr\u00e4m.<\/span><\/p>\n<p><span style=\"font-weight: 400;\">Passar alla med k\u00e4nslig, \u00f6verk\u00e4nslig eller allergiben\u00e4gen hud som \u00e4r r\u00f6d och l\u00e4tt irriterad och de som vill ha en enkel hudv\u00e5rdsrutin. Perfekt f\u00f6r alla som reser eller de som helt enkelt bara vill testa produkterna.<\/span><\/p>\n","protected":false},"featured_media":43680,"template":"","meta":[],"product_brand":[],"product_cat":[287,298,296,297,304],"product_tag":[],"class_list":{"0":"post-43679","1":"product","2":"type-product","3":"status-publish","4":"has-post-thumbnail","6":"product_cat-alla-produkter","7":"product_cat-essential","8":"product_cat-pevonia-2","9":"product_cat-retail","10":"product_cat-sensitive-line","12":"first","13":"instock","14":"taxable","15":"shipping-taxable","16":"purchasable","17":"product-type-simple"},"shsp-ext":{"main":{},"variations":[]},"_links":{"self":[{"href":"https:\/\/b4k.se\/no\/wp-json\/wp\/v2\/product\/43679","targetHints":{"allow":["GET"]}}],"collection":[{"href":"https:\/\/b4k.se\/no\/wp-json\/wp\/v2\/product"}],"about":[{"href":"https:\/\/b4k.se\/no\/wp-json\/wp\/v2\/types\/product"}],"wp:featuredmedia":[{"embeddable":true,"href":"https:\/\/b4k.se\/no\/wp-json\/wp\/v2\/media\/43680"}],"wp:attachment":[{"href":"https:\/\/b4k.se\/no\/wp-json\/wp\/v2\/media?parent=43679"}],"wp:term":[{"taxonomy":"product_brand","embeddable":true,"href":"https:\/\/b4k.se\/no\/wp-json\/wp\/v2\/product_brand?post=43679"},{"taxonomy":"product_cat","embeddable":true,"href":"https:\/\/b4k.se\/no\/wp-json\/wp\/v2\/product_cat?post=43679"},{"taxonomy":"product_tag","embeddable":true,"href":"https:\/\/b4k.se\/no\/wp-json\/wp\/v2\/product_tag?post=43679"}],"curies":[{"name":"wp","href":"https:\/\/api.w.org\/{rel}","templated":true}]}}