{"id":43676,"date":"2020-08-20T15:12:30","date_gmt":"2020-08-20T13:12:30","guid":{"rendered":"https:\/\/b4k.se\/product\/tension-relief-gel-100gr\/"},"modified":"2026-01-22T14:13:37","modified_gmt":"2026-01-22T13:13:37","slug":"tension-relief-gel-100gr","status":"publish","type":"product","link":"https:\/\/b4k.se\/no\/produkt\/tension-relief-gel-100gr\/","title":{"rendered":"Pevonia Tension Relief Gel 100 ml"},"content":{"rendered":"<p>Anv\u00e4ndning:<\/p>\n<p>Appliceras p\u00e5 specifika kroppsomr\u00e5den vid behov.<\/p>\n","protected":false},"excerpt":{"rendered":"<p>Antiinflammatorisk, svalkande och upplyftande gel f\u00f6r tr\u00f6tta muskler eller \u00f6mma f\u00f6tter.<\/p>\n<p>Tension Relief Gel \u00e4r en l\u00e4tt och \u00e5terupplivande gel som kyler, uppfriskar, stimulerar cirkulationen samt lindrar sp\u00e4nningar, tr\u00f6tthet och tung k\u00e4nsla i muskler, vader och f\u00f6tter.<\/p>\n<p>Rekommenderas till alla vars rygg, armar, f\u00f6tter eller vader k\u00e4nns sm\u00e4rtsamma, v\u00e4rkande, tr\u00f6tta eller varma. Perfekt f\u00f6r dem som \u00e4r stressade och vill fr\u00e4scha upp huden, f\u00e5 bort bakterier och stimulera cirkulationen.<\/p>\n","protected":false},"featured_media":43678,"template":"","meta":[],"product_brand":[],"product_cat":[287,314,313,296,297],"product_tag":[],"class_list":{"0":"post-43676","1":"product","2":"type-product","3":"status-publish","4":"has-post-thumbnail","6":"product_cat-alla-produkter","7":"product_cat-body-line","8":"product_cat-kropp","9":"product_cat-pevonia-2","10":"product_cat-retail","12":"first","13":"outofstock","14":"taxable","15":"shipping-taxable","16":"purchasable","17":"product-type-simple"},"shsp-ext":{"main":{},"variations":[]},"_links":{"self":[{"href":"https:\/\/b4k.se\/no\/wp-json\/wp\/v2\/product\/43676","targetHints":{"allow":["GET"]}}],"collection":[{"href":"https:\/\/b4k.se\/no\/wp-json\/wp\/v2\/product"}],"about":[{"href":"https:\/\/b4k.se\/no\/wp-json\/wp\/v2\/types\/product"}],"wp:featuredmedia":[{"embeddable":true,"href":"https:\/\/b4k.se\/no\/wp-json\/wp\/v2\/media\/43678"}],"wp:attachment":[{"href":"https:\/\/b4k.se\/no\/wp-json\/wp\/v2\/media?parent=43676"}],"wp:term":[{"taxonomy":"product_brand","embeddable":true,"href":"https:\/\/b4k.se\/no\/wp-json\/wp\/v2\/product_brand?post=43676"},{"taxonomy":"product_cat","embeddable":true,"href":"https:\/\/b4k.se\/no\/wp-json\/wp\/v2\/product_cat?post=43676"},{"taxonomy":"product_tag","embeddable":true,"href":"https:\/\/b4k.se\/no\/wp-json\/wp\/v2\/product_tag?post=43676"}],"curies":[{"name":"wp","href":"https:\/\/api.w.org\/{rel}","templated":true}]}}