{"id":43674,"date":"2020-08-20T15:10:11","date_gmt":"2020-08-20T13:10:11","guid":{"rendered":"https:\/\/b4k.se\/product\/multi-active-foot-cream-100gr\/"},"modified":"2026-03-25T13:38:50","modified_gmt":"2026-03-25T12:38:50","slug":"multi-active-foot-cream-100gr","status":"publish","type":"product","link":"https:\/\/b4k.se\/no\/produkt\/multi-active-foot-cream-100gr\/","title":{"rendered":"Multi-Active Foot Cream"},"content":{"rendered":"<p>Anv\u00e4ndning:<\/p>\n<p>Anv\u00e4nd morgon och kv\u00e4ll p\u00e5 noggrant rengjorda och torkade f\u00f6tter och massera in kr\u00e4men tills den \u00e4r helt absorberad.<\/p>\n","protected":false},"excerpt":{"rendered":"<p>V\u00e5rda, lugna, \u00e5terst\u00e4ll, mjukg\u00f6r f\u00f6tterna djupt, minska och f\u00f6rhindra f\u00f6rh\u00e5rdnader och motverka d\u00e5lig lukt med denna antibakteriella, aromatiska fuktkr\u00e4m f\u00f6r f\u00f6tterna.<\/p>\n<p>Multi-Active Foot Cream \u00e4r antibakteriell, homogeniserad och l\u00e4ttabsorberad och ger enast\u00e5ende reparation genom att sl\u00e4ta ut f\u00f6tterna och f\u00f6rhindra epidermal f\u00f6rh\u00e5rdnad.<\/p>\n","protected":false},"featured_media":43675,"template":"","meta":[],"product_brand":[],"product_cat":[287,314,313,296,297],"product_tag":[],"class_list":{"0":"post-43674","1":"product","2":"type-product","3":"status-publish","4":"has-post-thumbnail","6":"product_cat-alla-produkter","7":"product_cat-body-line","8":"product_cat-kropp","9":"product_cat-pevonia-2","10":"product_cat-retail","12":"first","13":"instock","14":"taxable","15":"shipping-taxable","16":"purchasable","17":"product-type-simple"},"shsp-ext":{"main":{},"variations":[]},"_links":{"self":[{"href":"https:\/\/b4k.se\/no\/wp-json\/wp\/v2\/product\/43674","targetHints":{"allow":["GET"]}}],"collection":[{"href":"https:\/\/b4k.se\/no\/wp-json\/wp\/v2\/product"}],"about":[{"href":"https:\/\/b4k.se\/no\/wp-json\/wp\/v2\/types\/product"}],"wp:featuredmedia":[{"embeddable":true,"href":"https:\/\/b4k.se\/no\/wp-json\/wp\/v2\/media\/43675"}],"wp:attachment":[{"href":"https:\/\/b4k.se\/no\/wp-json\/wp\/v2\/media?parent=43674"}],"wp:term":[{"taxonomy":"product_brand","embeddable":true,"href":"https:\/\/b4k.se\/no\/wp-json\/wp\/v2\/product_brand?post=43674"},{"taxonomy":"product_cat","embeddable":true,"href":"https:\/\/b4k.se\/no\/wp-json\/wp\/v2\/product_cat?post=43674"},{"taxonomy":"product_tag","embeddable":true,"href":"https:\/\/b4k.se\/no\/wp-json\/wp\/v2\/product_tag?post=43674"}],"curies":[{"name":"wp","href":"https:\/\/api.w.org\/{rel}","templated":true}]}}