{"id":43671,"date":"2018-12-17T11:19:15","date_gmt":"2018-12-17T10:19:15","guid":{"rendered":"https:\/\/b4k.se\/product\/multi-active-foot-cream\/"},"modified":"2026-04-09T12:17:25","modified_gmt":"2026-04-09T10:17:25","slug":"multi-active-foot-cream","status":"publish","type":"product","link":"https:\/\/b4k.se\/no\/produkt\/multi-active-foot-cream\/","title":{"rendered":"Multi-Active Foot Cream"},"content":{"rendered":"<p><span style=\"font-weight: 400\">Anv\u00e4ndning:<\/span><\/p>\n<p><span style=\"font-weight: 400\">Anv\u00e4nd p\u00e5 noggrant rengjorda och torkade f\u00f6tter och massera in kr\u00e4men tills den \u00e4r helt absorberad.<\/span><\/p>\n<p><span style=\"font-weight: 400\">Se steg-f\u00f6r-steg-manualen f\u00f6r ytterligare information.<\/span><\/p>\n","protected":false},"excerpt":{"rendered":"<p><strong>Multi-Active Foot Cream i salongsf\u00f6rpackning - 200 ml.<\/strong><\/p>\n<p><span style=\"font-weight: 400\">V\u00e5rda, lugna, \u00e5terst\u00e4ll, mjukg\u00f6r f\u00f6tterna djupt, minska och f\u00f6rhindra f\u00f6rh\u00e5rdnader och motverka d\u00e5lig lukt med denna antibakteriella, aromatiska fuktkr\u00e4m f\u00f6r f\u00f6tterna.<\/span><\/p>\n<p><span style=\"font-weight: 400\">Multi-Active Foot Cream \u00e4r antibakteriell, homogeniserad och l\u00e4ttabsorberad och ger enast\u00e5ende reparation genom att sl\u00e4ta ut f\u00f6tterna och f\u00f6rhindra epidermal f\u00f6rh\u00e5rdnad. <\/span><\/p>\n","protected":false},"featured_media":43673,"template":"","meta":[],"product_brand":[],"product_cat":[287,318,296,300],"product_tag":[],"class_list":{"0":"post-43671","1":"product","2":"type-product","3":"status-publish","4":"has-post-thumbnail","6":"product_cat-alla-produkter","7":"product_cat-kropp-professional","8":"product_cat-pevonia-2","9":"product_cat-professional","11":"first","12":"instock","13":"taxable","14":"shipping-taxable","15":"purchasable","16":"product-type-simple"},"shsp-ext":{"main":{},"variations":[]},"_links":{"self":[{"href":"https:\/\/b4k.se\/no\/wp-json\/wp\/v2\/product\/43671","targetHints":{"allow":["GET"]}}],"collection":[{"href":"https:\/\/b4k.se\/no\/wp-json\/wp\/v2\/product"}],"about":[{"href":"https:\/\/b4k.se\/no\/wp-json\/wp\/v2\/types\/product"}],"wp:featuredmedia":[{"embeddable":true,"href":"https:\/\/b4k.se\/no\/wp-json\/wp\/v2\/media\/43673"}],"wp:attachment":[{"href":"https:\/\/b4k.se\/no\/wp-json\/wp\/v2\/media?parent=43671"}],"wp:term":[{"taxonomy":"product_brand","embeddable":true,"href":"https:\/\/b4k.se\/no\/wp-json\/wp\/v2\/product_brand?post=43671"},{"taxonomy":"product_cat","embeddable":true,"href":"https:\/\/b4k.se\/no\/wp-json\/wp\/v2\/product_cat?post=43671"},{"taxonomy":"product_tag","embeddable":true,"href":"https:\/\/b4k.se\/no\/wp-json\/wp\/v2\/product_tag?post=43671"}],"curies":[{"name":"wp","href":"https:\/\/api.w.org\/{rel}","templated":true}]}}