{"id":43664,"date":"2023-12-01T12:35:15","date_gmt":"2023-12-01T11:35:15","guid":{"rendered":"https:\/\/b4k.se\/product\/collagen-hand-cream\/"},"modified":"2026-03-03T14:37:10","modified_gmt":"2026-03-03T13:37:10","slug":"collagen-hand-cream","status":"publish","type":"product","link":"https:\/\/b4k.se\/no\/produkt\/collagen-hand-cream\/","title":{"rendered":"Collagen Hand Cream"},"content":{"rendered":"<p>Den lyxiga och kraftfulla formulan i Collagen Hand Cream skiljer sig l\u00e5ngt ifr\u00e5n andra handkr\u00e4mer genom att bidra med mycket absorberbara marina kollagenpolypeptider f\u00f6r maximal reparation, djup fukt och synliga f\u00f6rdelar f\u00f6r utj\u00e4mning och fyllighet. Lipidl\u00f6sligt Tetrahexyldecyl Askorbat (Vitamin C) st\u00f6djer ytterligare st\u00e4rkandet av hudens naturliga kollagen, samtidigt som den ger antioxidativa och uppljusande resultat. Kr\u00e4men \u00e4r m\u00e4sterligt utformad f\u00f6r att ge flera ungdomliga f\u00f6rdelar, den \u00e4r ultrareparerande och inneh\u00e5ller de anti-fria radikalerna Beta-Glukan och Gr\u00f6nt te-extrakt. Beta-Glukan \u00e4r en naturlig polysackarid som finns i havre och inne i cellv\u00e4ggarna i j\u00e4st. Det \u00e4r k\u00e4nt f\u00f6r att st\u00f6dja v\u00e5r huds naturliga immunitet och f\u00f6r att hj\u00e4lpa dess skydd och p\u00e5skynda reparationen. Gr\u00f6nt te \u00e4r k\u00e4nt f\u00f6r sina fantastiska lugnande, lindrande och skyddande f\u00f6rdelar.<\/p>\n<p><strong>Egenskaper och f\u00f6rdelar<\/strong><\/p>\n<ul>\n<li>Ultral\u00e4tt, fettfri<\/li>\n<li>Lugnar, reparerar, f\u00f6ryngrar<\/li>\n<li>Djupt \u00e5terfuktande och f\u00f6ryngrande<\/li>\n<\/ul>\n<p><strong>Anv\u00e4ndning<\/strong><\/p>\n<p>Massera in en liten m\u00e4ngd av denna Collagen Hand Cream n\u00e4r som helst p\u00e5 dagen och upprepa vid behov.<\/p>\n","protected":false},"excerpt":{"rendered":"<p>Handkr\u00e4m med kollagen som bek\u00e4mpar torrhet, ger fukt och f\u00f6rser huden med vitaliserande lipider.<\/p>\n<p>Denna h\u00f6gpresterande Collagen Hand Cream \u00e4r omsorgsfullt formulerad med en fluffig, l\u00e4tt, icke-fet konsistens f\u00f6r att tilltala alla. Den har en h\u00e4rligt upplyftande doft och arbetar snabbt f\u00f6r att reparera, skydda, \u00e5terfukta p\u00e5 djupet och f\u00f6ryngra huden p\u00e5 h\u00e4nderna som kr\u00e4ver s\u00e4ker och effektiv v\u00e5rd med omedelbara och l\u00e5ngsiktiga resultat.<\/p>\n","protected":false},"featured_media":43665,"template":"","meta":[],"product_brand":[],"product_cat":[287,314,313,296,297],"product_tag":[],"class_list":{"0":"post-43664","1":"product","2":"type-product","3":"status-publish","4":"has-post-thumbnail","6":"product_cat-alla-produkter","7":"product_cat-body-line","8":"product_cat-kropp","9":"product_cat-pevonia-2","10":"product_cat-retail","12":"first","13":"instock","14":"taxable","15":"shipping-taxable","16":"purchasable","17":"product-type-simple"},"shsp-ext":{"main":{},"variations":[]},"_links":{"self":[{"href":"https:\/\/b4k.se\/no\/wp-json\/wp\/v2\/product\/43664","targetHints":{"allow":["GET"]}}],"collection":[{"href":"https:\/\/b4k.se\/no\/wp-json\/wp\/v2\/product"}],"about":[{"href":"https:\/\/b4k.se\/no\/wp-json\/wp\/v2\/types\/product"}],"wp:featuredmedia":[{"embeddable":true,"href":"https:\/\/b4k.se\/no\/wp-json\/wp\/v2\/media\/43665"}],"wp:attachment":[{"href":"https:\/\/b4k.se\/no\/wp-json\/wp\/v2\/media?parent=43664"}],"wp:term":[{"taxonomy":"product_brand","embeddable":true,"href":"https:\/\/b4k.se\/no\/wp-json\/wp\/v2\/product_brand?post=43664"},{"taxonomy":"product_cat","embeddable":true,"href":"https:\/\/b4k.se\/no\/wp-json\/wp\/v2\/product_cat?post=43664"},{"taxonomy":"product_tag","embeddable":true,"href":"https:\/\/b4k.se\/no\/wp-json\/wp\/v2\/product_tag?post=43664"}],"curies":[{"name":"wp","href":"https:\/\/api.w.org\/{rel}","templated":true}]}}