{"id":43662,"date":"2018-12-13T11:57:23","date_gmt":"2018-12-13T10:57:23","guid":{"rendered":"https:\/\/b4k.se\/product\/anti-stress-bath-shower-gel\/"},"modified":"2026-04-08T11:27:41","modified_gmt":"2026-04-08T09:27:41","slug":"anti-stress-bath-shower-gel","status":"publish","type":"product","link":"https:\/\/b4k.se\/no\/produkt\/anti-stress-bath-shower-gel\/","title":{"rendered":"Anti-stress Bath &amp; Shower gel"},"content":{"rendered":"<p><strong>Anv\u00e4ndning:<\/strong><\/p>\n<ul>\n<li><span style=\"font-weight: 400\">F\u00f6r bad: H\u00e4ll en liten m\u00e4ngd i badkaret under rinnande vatten (vattentemperaturen b\u00f6r inte \u00f6verstiga 37 \u00b0 C). Koppla av i badet i 10 minuter.<\/span><\/li>\n<li><span style=\"font-weight: 400\">F\u00f6r dusch: H\u00e4ll gel\u00e9n p\u00e5 en fuktig tv\u00e4ttlapp eller en fuktig svamp och stryk \u00f6ver kroppen. Koppla av och sk\u00f6lj sedan av.<\/span><\/li>\n<\/ul>\n<p><span style=\"font-weight: 400\">Rekommenderas f\u00f6r alla hudtyper.<\/span><\/p>\n","protected":false},"excerpt":{"rendered":"<p><span style=\"font-weight: 400\">Koppla av, lugna ner och f\u00f6rb\u00e4ttra din bad- eller duschupplevelse med denna avkopplande, sulfatfria kroppstv\u00e4tt.<\/span><\/p>\n<p><span style=\"font-weight: 400\">Anti-stress bath &amp; shower gel reng\u00f6r, \u00e5terfuktar, mjukar upp, lindrar, ger n\u00e4ring och \u00e5terfuktar din hud.<\/span><\/p>\n<p><span style=\"font-weight: 400\">Passar alla hudtyper och de som vill ha en sulfatfri, avkopplande kroppstv\u00e4tt.<\/span><\/p>\n","protected":false},"featured_media":43663,"template":"","meta":[],"product_brand":[],"product_cat":[287,314,313,296,297],"product_tag":[],"class_list":{"0":"post-43662","1":"product","2":"type-product","3":"status-publish","4":"has-post-thumbnail","6":"product_cat-alla-produkter","7":"product_cat-body-line","8":"product_cat-kropp","9":"product_cat-pevonia-2","10":"product_cat-retail","12":"first","13":"instock","14":"taxable","15":"shipping-taxable","16":"purchasable","17":"product-type-simple"},"shsp-ext":{"main":{},"variations":[]},"_links":{"self":[{"href":"https:\/\/b4k.se\/no\/wp-json\/wp\/v2\/product\/43662","targetHints":{"allow":["GET"]}}],"collection":[{"href":"https:\/\/b4k.se\/no\/wp-json\/wp\/v2\/product"}],"about":[{"href":"https:\/\/b4k.se\/no\/wp-json\/wp\/v2\/types\/product"}],"wp:featuredmedia":[{"embeddable":true,"href":"https:\/\/b4k.se\/no\/wp-json\/wp\/v2\/media\/43663"}],"wp:attachment":[{"href":"https:\/\/b4k.se\/no\/wp-json\/wp\/v2\/media?parent=43662"}],"wp:term":[{"taxonomy":"product_brand","embeddable":true,"href":"https:\/\/b4k.se\/no\/wp-json\/wp\/v2\/product_brand?post=43662"},{"taxonomy":"product_cat","embeddable":true,"href":"https:\/\/b4k.se\/no\/wp-json\/wp\/v2\/product_cat?post=43662"},{"taxonomy":"product_tag","embeddable":true,"href":"https:\/\/b4k.se\/no\/wp-json\/wp\/v2\/product_tag?post=43662"}],"curies":[{"name":"wp","href":"https:\/\/api.w.org\/{rel}","templated":true}]}}