{"id":43654,"date":"2018-12-13T11:52:55","date_gmt":"2018-12-13T10:52:55","guid":{"rendered":"https:\/\/b4k.se\/product\/preserve-body-moisturizer\/"},"modified":"2026-04-08T11:27:37","modified_gmt":"2026-04-08T09:27:37","slug":"preserve-body-moisturizer","status":"publish","type":"product","link":"https:\/\/b4k.se\/no\/produkt\/preserve-body-moisturizer\/","title":{"rendered":"Preserve Body Moisturizer"},"content":{"rendered":"<p>Anv\u00e4ndning:<\/p>\n<p>Applicera \u00f6ver hela kroppen efter dusch, bad eller n\u00e4r som helst. Massera in kr\u00e4men tills den absorberas. Passar alla hudtyper.<\/p>\n","protected":false},"excerpt":{"rendered":"<p>Beh\u00e5ll en ungdomlig kropp med denna kr\u00e4miga, l\u00e4ttexturerade, snabbt absorberade, \u00e5terupplivande fuktkr\u00e4m f\u00f6r kroppen.<\/p>\n<p>Preserve Body Moisturizer ger sl\u00e4thet, \u00e5terfuktning, n\u00e4ring, reparering och en mjukare hudtextur.<\/p>\n<p>Rekommenderas till alla hudtyper, s\u00e4rskilt de med torr, grov, fj\u00e4llig hud som f\u00f6redrar en l\u00e4tt och kr\u00e4mig fuktkr\u00e4m som absorberas snabbt.<\/p>\n","protected":false},"featured_media":43656,"template":"","meta":[],"product_brand":[],"product_cat":[287,314,313,296,297],"product_tag":[],"class_list":{"0":"post-43654","1":"product","2":"type-product","3":"status-publish","4":"has-post-thumbnail","6":"product_cat-alla-produkter","7":"product_cat-body-line","8":"product_cat-kropp","9":"product_cat-pevonia-2","10":"product_cat-retail","12":"first","13":"instock","14":"taxable","15":"shipping-taxable","16":"purchasable","17":"product-type-simple"},"shsp-ext":{"main":{},"variations":[]},"_links":{"self":[{"href":"https:\/\/b4k.se\/no\/wp-json\/wp\/v2\/product\/43654","targetHints":{"allow":["GET"]}}],"collection":[{"href":"https:\/\/b4k.se\/no\/wp-json\/wp\/v2\/product"}],"about":[{"href":"https:\/\/b4k.se\/no\/wp-json\/wp\/v2\/types\/product"}],"wp:featuredmedia":[{"embeddable":true,"href":"https:\/\/b4k.se\/no\/wp-json\/wp\/v2\/media\/43656"}],"wp:attachment":[{"href":"https:\/\/b4k.se\/no\/wp-json\/wp\/v2\/media?parent=43654"}],"wp:term":[{"taxonomy":"product_brand","embeddable":true,"href":"https:\/\/b4k.se\/no\/wp-json\/wp\/v2\/product_brand?post=43654"},{"taxonomy":"product_cat","embeddable":true,"href":"https:\/\/b4k.se\/no\/wp-json\/wp\/v2\/product_cat?post=43654"},{"taxonomy":"product_tag","embeddable":true,"href":"https:\/\/b4k.se\/no\/wp-json\/wp\/v2\/product_tag?post=43654"}],"curies":[{"name":"wp","href":"https:\/\/api.w.org\/{rel}","templated":true}]}}