{"id":43644,"date":"2023-12-01T12:35:38","date_gmt":"2023-12-01T11:35:38","guid":{"rendered":"https:\/\/b4k.se\/product\/extra-strength-conditioner-500-ml\/"},"modified":"2026-02-09T09:14:51","modified_gmt":"2026-02-09T08:14:51","slug":"extra-strength-conditioner-500-ml","status":"publish","type":"product","link":"https:\/\/b4k.se\/no\/produkt\/extra-strength-conditioner-500-ml\/","title":{"rendered":"Hair Energize Extra-Strength Conditioner 500 ml."},"content":{"rendered":"<p>Balsam som fr\u00e4mjar h\u00e5ret och h\u00e5rbottens h\u00e4lsa samt eliminerar oljiga rester. Passar alla h\u00e5rtyper.<\/p>\n<p><strong>Egenskaper och f\u00f6rdelar<\/strong><\/p>\n<ul>\n<li>Reder ut h\u00e5ret och g\u00f6r det enklare att hantera och styla<\/li>\n<li>Minskar kluvna toppar och spr\u00f6dhet, samtidigt som det motverkar h\u00e5ravfall<\/li>\n<li>Fr\u00e4mjar synlig volym och glans<\/li>\n<\/ul>\n<p><strong>Anv\u00e4ndning<\/strong><\/p>\n<p>Krama ur \u00f6verfl\u00f6digt vatten fr\u00e5n h\u00e5ret efter schamponering med Hair Energize Extra-Strength Shampoo. Applicera och f\u00f6rdela Hair Energize Extra-Strength Conditioner j\u00e4mnt i h\u00e5ret. L\u00e5t verka i tv\u00e5 minuter. Sk\u00f6lj sedan ur noga.<\/p>\n","protected":false},"excerpt":{"rendered":"<p>Balsam som fr\u00e4mjar h\u00e5ret och h\u00e5rbottens h\u00e4lsa samt eliminerar oljiga rester. 500 ml.<\/p>\n<p>Hair Energize Extra-Strength Conditioner g\u00f6r h\u00e5ret mjukt, skyddar och reparerar h\u00e5rstr\u00e5n, ger djup fukt, lugnar h\u00e5rbotten och hj\u00e4lper till att bek\u00e4mpa tunt h\u00e5r och h\u00e5ravfall. Detta uts\u00f6kta balsam ger en h\u00e4rlig upplevelse vid varje anv\u00e4ndning.<\/p>\n","protected":false},"featured_media":43645,"template":"","meta":[],"product_brand":[],"product_cat":[287,317,316,296,297],"product_tag":[],"class_list":{"0":"post-43644","1":"product","2":"type-product","3":"status-publish","4":"has-post-thumbnail","6":"product_cat-alla-produkter","7":"product_cat-hair-energize-line","8":"product_cat-har-2","9":"product_cat-pevonia-2","10":"product_cat-retail","12":"first","13":"instock","14":"taxable","15":"shipping-taxable","16":"purchasable","17":"product-type-simple"},"shsp-ext":{"main":{},"variations":[]},"_links":{"self":[{"href":"https:\/\/b4k.se\/no\/wp-json\/wp\/v2\/product\/43644","targetHints":{"allow":["GET"]}}],"collection":[{"href":"https:\/\/b4k.se\/no\/wp-json\/wp\/v2\/product"}],"about":[{"href":"https:\/\/b4k.se\/no\/wp-json\/wp\/v2\/types\/product"}],"wp:featuredmedia":[{"embeddable":true,"href":"https:\/\/b4k.se\/no\/wp-json\/wp\/v2\/media\/43645"}],"wp:attachment":[{"href":"https:\/\/b4k.se\/no\/wp-json\/wp\/v2\/media?parent=43644"}],"wp:term":[{"taxonomy":"product_brand","embeddable":true,"href":"https:\/\/b4k.se\/no\/wp-json\/wp\/v2\/product_brand?post=43644"},{"taxonomy":"product_cat","embeddable":true,"href":"https:\/\/b4k.se\/no\/wp-json\/wp\/v2\/product_cat?post=43644"},{"taxonomy":"product_tag","embeddable":true,"href":"https:\/\/b4k.se\/no\/wp-json\/wp\/v2\/product_tag?post=43644"}],"curies":[{"name":"wp","href":"https:\/\/api.w.org\/{rel}","templated":true}]}}