{"id":43639,"date":"2023-12-01T12:35:24","date_gmt":"2023-12-01T11:35:24","guid":{"rendered":"https:\/\/b4k.se\/product\/chocolate-ind-moisturizer-150-g\/"},"modified":"2026-01-22T13:54:51","modified_gmt":"2026-01-22T12:54:51","slug":"chocolate-ind-moisturizer-150-g","status":"publish","type":"product","link":"https:\/\/b4k.se\/no\/produkt\/chocolate-ind-moisturizer-150-g\/","title":{"rendered":"Pevonia Chocolate Indulgence Moisturizer 150 ml."},"content":{"rendered":"<p><span class=\"Y2IQFc\" lang=\"sv\">Djupt \u00e5terfuktande och reparerande kr\u00e4m f\u00f6r ansikte och kropp.<\/span><\/p>\n<p><strong>Egenskaper och f\u00f6rdelar<\/strong><\/p>\n<ul>\n<li><span class=\"Y2IQFc\" lang=\"sv\">Fr\u00e4mjar h\u00e4lsosam cellmetabolism<\/span><\/li>\n<li><span class=\"Y2IQFc\" lang=\"sv\">Hj\u00e4lper till att h\u00e5lla huden sp\u00e4nstig<\/span><\/li>\n<li><span class=\"Y2IQFc\" lang=\"sv\">Revitaliserande och h\u00e4rligt aromatisk<\/span><\/li>\n<\/ul>\n<p><strong>Anv\u00e4ndning<\/strong><\/p>\n<p>Anv\u00e4nd morgon och\/eller kv\u00e4ll. Applicera Chocolate Indulgence Moisturizer p\u00e5 rengjort ansikte, hals, h\u00e4nder eller kropp. Massera f\u00f6rsiktigt in i huden tills den \u00e4r helt absorberad. F\u00f6r b\u00e4ttre resultat, exfoliera med Chocolate Indulgence Foaming Salt Scrub en eller tv\u00e5 g\u00e5nger i veckan.<\/p>\n","protected":false},"excerpt":{"rendered":"<p><span class=\"Y2IQFc\" lang=\"sv\">Djupt \u00e5terfuktande och reparerande kr\u00e4m f\u00f6r ansikte och kropp.<\/span><\/p>\n<p>Chocolate Indulgence Moisturizer har en ljuvlig k\u00e4nsla och f\u00f6rgyller huden med sin h\u00e4rliga arom. Kr\u00e4men bidrar med m\u00e5nga n\u00e4rings\u00e4mnen f\u00f6r en extraordin\u00e4r vitalisering och f\u00f6ryngrat resultat. Med sin j\u00e4mna spridning av marina kollagenpolypeptider ger denna formula huden en f\u00f6rb\u00e4ttrad elasticitet, djup kvarh\u00e5llning av fukt och synlig utj\u00e4mning och plumpat resultat.<\/p>\n","protected":false},"featured_media":43640,"template":"","meta":[],"product_brand":[],"product_cat":[287,314,315,298,313,296,297],"product_tag":[],"class_list":{"0":"post-43639","1":"product","2":"type-product","3":"status-publish","4":"has-post-thumbnail","6":"product_cat-alla-produkter","7":"product_cat-body-line","8":"product_cat-chocolate-indulgence-line","9":"product_cat-essential","10":"product_cat-kropp","11":"product_cat-pevonia-2","12":"product_cat-retail","14":"first","15":"instock","16":"taxable","17":"shipping-taxable","18":"purchasable","19":"product-type-simple"},"shsp-ext":{"main":{},"variations":[]},"_links":{"self":[{"href":"https:\/\/b4k.se\/no\/wp-json\/wp\/v2\/product\/43639","targetHints":{"allow":["GET"]}}],"collection":[{"href":"https:\/\/b4k.se\/no\/wp-json\/wp\/v2\/product"}],"about":[{"href":"https:\/\/b4k.se\/no\/wp-json\/wp\/v2\/types\/product"}],"wp:featuredmedia":[{"embeddable":true,"href":"https:\/\/b4k.se\/no\/wp-json\/wp\/v2\/media\/43640"}],"wp:attachment":[{"href":"https:\/\/b4k.se\/no\/wp-json\/wp\/v2\/media?parent=43639"}],"wp:term":[{"taxonomy":"product_brand","embeddable":true,"href":"https:\/\/b4k.se\/no\/wp-json\/wp\/v2\/product_brand?post=43639"},{"taxonomy":"product_cat","embeddable":true,"href":"https:\/\/b4k.se\/no\/wp-json\/wp\/v2\/product_cat?post=43639"},{"taxonomy":"product_tag","embeddable":true,"href":"https:\/\/b4k.se\/no\/wp-json\/wp\/v2\/product_tag?post=43639"}],"curies":[{"name":"wp","href":"https:\/\/api.w.org\/{rel}","templated":true}]}}