{"id":43637,"date":"2023-12-01T12:35:18","date_gmt":"2023-12-01T11:35:18","guid":{"rendered":"https:\/\/b4k.se\/product\/chocolate-ind-foaming-salt-scrub-150-g\/"},"modified":"2026-01-22T13:53:49","modified_gmt":"2026-01-22T12:53:49","slug":"chocolate-ind-foaming-salt-scrub-150-g","status":"publish","type":"product","link":"https:\/\/b4k.se\/no\/produkt\/chocolate-ind-foaming-salt-scrub-150-g\/","title":{"rendered":"Pevonia Chocolate Indulgence Foaming Salt Scrub 150 ml"},"content":{"rendered":"<p>Saltskrubb som fungerar som superfood f\u00f6r huden.<\/p>\n<p><strong>Egenskaper och f\u00f6rdelar<\/strong><\/p>\n<ul>\n<li>Dubbelfunktionell superfood-exfoliering f\u00f6r ansikte och kropp<\/li>\n<li>Revitaliserande och h\u00e4rligt aromatisk<\/li>\n<li>\u00c5terupplivar och uppmuntrar homeostas (f\u00f6rb\u00e4ttrad hudbalans)<\/li>\n<\/ul>\n<p><strong>Anv\u00e4ndning<\/strong><\/p>\n<p>Anv\u00e4nd en eller tv\u00e5 g\u00e5nger i veckan, eller vid behov. Massera denna skrubb p\u00e5 rengjort och fuktigt ansikte och kropp, fokusera p\u00e5 de omr\u00e5den som \u00e4r i behov av exfoliering. Tills\u00e4tt mer vatten f\u00f6r optimalt skum.<br \/>\nN\u00e4r du \u00e4r klar med exfolieringen, f\u00f6lj upp med Chocolate Indulgence Moisturizer.<\/p>\n","protected":false},"excerpt":{"rendered":"<p>Denna saltskrubb \u00e4r som superfood f\u00f6r huden!<\/p>\n<p>Chocolate Indulgence Foaming Salt Scrub \u00e4r skonsam mot hudbarri\u00e4ren, reng\u00f6r skonsamt men \u00e4nd\u00e5 djupt, exfolierar och f\u00f6rser hudens epidermala och dermala lager med friska negativa joner f\u00f6r att motverka skador och st\u00f6dja hudens v\u00e4lbefinnande. N\u00e4r salterna i masken l\u00f6ses upp st\u00e4rks huden omedelbart med f\u00f6rdelarna fr\u00e5n n\u00e4ringsrikt kakaoextrakt.<\/p>\n","protected":false},"featured_media":43638,"template":"","meta":[],"product_brand":[],"product_cat":[287,314,315,298,313,296,297],"product_tag":[],"class_list":{"0":"post-43637","1":"product","2":"type-product","3":"status-publish","4":"has-post-thumbnail","6":"product_cat-alla-produkter","7":"product_cat-body-line","8":"product_cat-chocolate-indulgence-line","9":"product_cat-essential","10":"product_cat-kropp","11":"product_cat-pevonia-2","12":"product_cat-retail","14":"first","15":"instock","16":"taxable","17":"shipping-taxable","18":"purchasable","19":"product-type-simple"},"shsp-ext":{"main":{},"variations":[]},"_links":{"self":[{"href":"https:\/\/b4k.se\/no\/wp-json\/wp\/v2\/product\/43637","targetHints":{"allow":["GET"]}}],"collection":[{"href":"https:\/\/b4k.se\/no\/wp-json\/wp\/v2\/product"}],"about":[{"href":"https:\/\/b4k.se\/no\/wp-json\/wp\/v2\/types\/product"}],"wp:featuredmedia":[{"embeddable":true,"href":"https:\/\/b4k.se\/no\/wp-json\/wp\/v2\/media\/43638"}],"wp:attachment":[{"href":"https:\/\/b4k.se\/no\/wp-json\/wp\/v2\/media?parent=43637"}],"wp:term":[{"taxonomy":"product_brand","embeddable":true,"href":"https:\/\/b4k.se\/no\/wp-json\/wp\/v2\/product_brand?post=43637"},{"taxonomy":"product_cat","embeddable":true,"href":"https:\/\/b4k.se\/no\/wp-json\/wp\/v2\/product_cat?post=43637"},{"taxonomy":"product_tag","embeddable":true,"href":"https:\/\/b4k.se\/no\/wp-json\/wp\/v2\/product_tag?post=43637"}],"curies":[{"name":"wp","href":"https:\/\/api.w.org\/{rel}","templated":true}]}}