{"id":43635,"date":"2018-12-13T11:48:27","date_gmt":"2018-12-13T10:48:27","guid":{"rendered":"https:\/\/b4k.se\/product\/de-aging-body-balm-papaya-pineapple\/"},"modified":"2026-03-10T11:50:32","modified_gmt":"2026-03-10T10:50:32","slug":"de-aging-body-balm-papaya-pineapple","status":"publish","type":"product","link":"https:\/\/b4k.se\/no\/produkt\/de-aging-body-balm-papaya-pineapple\/","title":{"rendered":"De-aging Body Balm Papaya Pineapple"},"content":{"rendered":"<p>Anv\u00e4ndning:<\/p>\n<p>Applicera \u00f6ver hela kroppen efter dusch, bad eller n\u00e4r som helst vid behov. Massera in kr\u00e4men tills den absorberats. F\u00f6r alla hudtyper.<\/p>\n","protected":false},"excerpt":{"rendered":"<p>Huden \u00e5terst\u00e4lls och repareras synbart med denna tropiska anti-aging-kroppskr\u00e4m.<\/p>\n<p>De-aging Body Balm j\u00e4mnar ut fina linjer och rynkor, ger en fast hudton och textur, ger n\u00e4ring, \u00e5terst\u00e4ller och reparerar huden.<\/p>\n<p>Passar alla som har linjer och rynkor, oj\u00e4mn textur, oj\u00e4mn ton och l\u00f6s\/slapp hud p\u00e5 kroppen samt de som vill f\u00f6rhindra tecken p\u00e5 \u00e5ldrande.<\/p>\n","protected":false},"featured_media":43636,"template":"","meta":[],"product_brand":[],"product_cat":[287,314,313,296,297],"product_tag":[],"class_list":{"0":"post-43635","1":"product","2":"type-product","3":"status-publish","4":"has-post-thumbnail","6":"product_cat-alla-produkter","7":"product_cat-body-line","8":"product_cat-kropp","9":"product_cat-pevonia-2","10":"product_cat-retail","12":"first","13":"instock","14":"taxable","15":"shipping-taxable","16":"purchasable","17":"product-type-simple"},"shsp-ext":{"main":{},"variations":[]},"_links":{"self":[{"href":"https:\/\/b4k.se\/no\/wp-json\/wp\/v2\/product\/43635","targetHints":{"allow":["GET"]}}],"collection":[{"href":"https:\/\/b4k.se\/no\/wp-json\/wp\/v2\/product"}],"about":[{"href":"https:\/\/b4k.se\/no\/wp-json\/wp\/v2\/types\/product"}],"wp:featuredmedia":[{"embeddable":true,"href":"https:\/\/b4k.se\/no\/wp-json\/wp\/v2\/media\/43636"}],"wp:attachment":[{"href":"https:\/\/b4k.se\/no\/wp-json\/wp\/v2\/media?parent=43635"}],"wp:term":[{"taxonomy":"product_brand","embeddable":true,"href":"https:\/\/b4k.se\/no\/wp-json\/wp\/v2\/product_brand?post=43635"},{"taxonomy":"product_cat","embeddable":true,"href":"https:\/\/b4k.se\/no\/wp-json\/wp\/v2\/product_cat?post=43635"},{"taxonomy":"product_tag","embeddable":true,"href":"https:\/\/b4k.se\/no\/wp-json\/wp\/v2\/product_tag?post=43635"}],"curies":[{"name":"wp","href":"https:\/\/api.w.org\/{rel}","templated":true}]}}