{"id":43624,"date":"2021-05-05T16:02:17","date_gmt":"2021-05-05T14:02:17","guid":{"rendered":"https:\/\/b4k.se\/product\/hydrating-sunscreen-spf-40\/"},"modified":"2026-04-20T08:30:06","modified_gmt":"2026-04-20T06:30:06","slug":"hydrating-sunscreen-spf-40","status":"publish","type":"product","link":"https:\/\/b4k.se\/no\/produkt\/hydrating-sunscreen-spf-40\/","title":{"rendered":"Hydrating Sunscreen SPF 40 + Blue Light Shield"},"content":{"rendered":"<p><strong>Anv\u00e4ndning:<\/strong><\/p>\n<p>Applicera rikligt med solskydd 15 minuter innan solexponering. \u00c5terapplicera efter 40 minuters bad eller svettningar, direkt efter handdukstorkning och minst varannan timme.<\/p>\n","protected":false},"excerpt":{"rendered":"<p>\u00c5terfukta och skydda huden fr\u00e5n solens skadliga UVA- och UVB-str\u00e5lar. Hydrating Sunscreen SPF 40 + Blue Light Shield skyddar mot solens UV-str\u00e5lar och sk\u00e4rmljus samt motverkar tecken p\u00e5 \u00e5ldrande utan att irritera eller t\u00e4ppa till porerna.<\/p>\n<p>Passar alla som vill skydda sig fr\u00e5n skadliga UV-str\u00e5lar och sk\u00e4rmljus och samtidigt motverka dess effekter. Ett m\u00e5ste f\u00f6r de som vill reparera huden och motverka synliga tecken p\u00e5 solskador.<\/p>\n","protected":false},"featured_media":43626,"template":"","meta":[],"product_brand":[],"product_cat":[287,296,297,312],"product_tag":[],"class_list":{"0":"post-43624","1":"product","2":"type-product","3":"status-publish","4":"has-post-thumbnail","6":"product_cat-alla-produkter","7":"product_cat-pevonia-2","8":"product_cat-retail","9":"product_cat-sun-line","11":"first","12":"instock","13":"taxable","14":"shipping-taxable","15":"purchasable","16":"product-type-simple"},"shsp-ext":{"main":{},"variations":[]},"_links":{"self":[{"href":"https:\/\/b4k.se\/no\/wp-json\/wp\/v2\/product\/43624","targetHints":{"allow":["GET"]}}],"collection":[{"href":"https:\/\/b4k.se\/no\/wp-json\/wp\/v2\/product"}],"about":[{"href":"https:\/\/b4k.se\/no\/wp-json\/wp\/v2\/types\/product"}],"wp:featuredmedia":[{"embeddable":true,"href":"https:\/\/b4k.se\/no\/wp-json\/wp\/v2\/media\/43626"}],"wp:attachment":[{"href":"https:\/\/b4k.se\/no\/wp-json\/wp\/v2\/media?parent=43624"}],"wp:term":[{"taxonomy":"product_brand","embeddable":true,"href":"https:\/\/b4k.se\/no\/wp-json\/wp\/v2\/product_brand?post=43624"},{"taxonomy":"product_cat","embeddable":true,"href":"https:\/\/b4k.se\/no\/wp-json\/wp\/v2\/product_cat?post=43624"},{"taxonomy":"product_tag","embeddable":true,"href":"https:\/\/b4k.se\/no\/wp-json\/wp\/v2\/product_tag?post=43624"}],"curies":[{"name":"wp","href":"https:\/\/api.w.org\/{rel}","templated":true}]}}