{"id":43617,"date":"2018-12-13T11:23:51","date_gmt":"2018-12-13T10:23:51","guid":{"rendered":"https:\/\/b4k.se\/product\/collagen-boost-face-balm-herre\/"},"modified":"2026-04-08T11:28:15","modified_gmt":"2026-04-08T09:28:15","slug":"collagen-boost-face-balm-herre","status":"publish","type":"product","link":"https:\/\/b4k.se\/no\/produkt\/collagen-boost-face-balm-herre\/","title":{"rendered":"Collagen Boost Face Balm"},"content":{"rendered":"<p><strong>Anv\u00e4ndning:<\/strong><\/p>\n<p>Applicera p\u00e5 morgonen och kv\u00e4llen. Applicera en liten m\u00e4ngd p\u00e5 ren hud \u00f6ver ansiktet och halsen. Massera in f\u00f6rsiktigt.<\/p>\n","protected":false},"excerpt":{"rendered":"<p>Ge fasthet, reparera och skydda hudens ungdomlighet med detta f\u00f6ryngrande ansiktsbalsam som \u00e4r framtaget f\u00f6r m\u00e4n. Collagen Boost Face Balm st\u00e4rker och fyller huden med marint kollagen, elastin och ger \u00e5ldersbek\u00e4mpande f\u00f6rdelar.<\/p>\n<p>Passar m\u00e4n med alla hudtyper som har fina linjer och rynkor och de som vill f\u00f6rhindra ytterligare tecken p\u00e5 \u00e5ldrande.<\/p>\n","protected":false},"featured_media":43618,"template":"","meta":[],"product_brand":[],"product_cat":[287,311,296,297],"product_tag":[],"class_list":{"0":"post-43617","1":"product","2":"type-product","3":"status-publish","4":"has-post-thumbnail","6":"product_cat-alla-produkter","7":"product_cat-mens-line","8":"product_cat-pevonia-2","9":"product_cat-retail","11":"first","12":"instock","13":"taxable","14":"shipping-taxable","15":"purchasable","16":"product-type-simple"},"shsp-ext":{"main":{},"variations":[]},"_links":{"self":[{"href":"https:\/\/b4k.se\/no\/wp-json\/wp\/v2\/product\/43617","targetHints":{"allow":["GET"]}}],"collection":[{"href":"https:\/\/b4k.se\/no\/wp-json\/wp\/v2\/product"}],"about":[{"href":"https:\/\/b4k.se\/no\/wp-json\/wp\/v2\/types\/product"}],"wp:featuredmedia":[{"embeddable":true,"href":"https:\/\/b4k.se\/no\/wp-json\/wp\/v2\/media\/43618"}],"wp:attachment":[{"href":"https:\/\/b4k.se\/no\/wp-json\/wp\/v2\/media?parent=43617"}],"wp:term":[{"taxonomy":"product_brand","embeddable":true,"href":"https:\/\/b4k.se\/no\/wp-json\/wp\/v2\/product_brand?post=43617"},{"taxonomy":"product_cat","embeddable":true,"href":"https:\/\/b4k.se\/no\/wp-json\/wp\/v2\/product_cat?post=43617"},{"taxonomy":"product_tag","embeddable":true,"href":"https:\/\/b4k.se\/no\/wp-json\/wp\/v2\/product_tag?post=43617"}],"curies":[{"name":"wp","href":"https:\/\/api.w.org\/{rel}","templated":true}]}}