{"id":43613,"date":"2023-03-29T16:40:40","date_gmt":"2023-03-29T14:40:40","guid":{"rendered":"https:\/\/b4k.se\/product\/easy-glide-shaving-cream\/"},"modified":"2026-02-19T09:30:53","modified_gmt":"2026-02-19T08:30:53","slug":"easy-glide-shaving-cream","status":"publish","type":"product","link":"https:\/\/b4k.se\/no\/produkt\/easy-glide-shaving-cream\/","title":{"rendered":"Easy-Glide Shaving Emulsion"},"content":{"rendered":"<p><strong>Anv\u00e4ndning:<\/strong><\/p>\n<p>Bl\u00f6t sk\u00e4gget med varmt vatten, applicera sedan Easy-Glide Shaving Emulsion \u00f6ver hela omr\u00e5det som ska rakas - emulsionen b\u00f6r t\u00e4cka huden. Forts\u00e4tt sedan med rakningen.<\/p>\n","protected":false},"excerpt":{"rendered":"<p>Upplev en rakning fri fr\u00e5n irritation med denna icke-skummande kr\u00e4m-till-olja-l\u00f6sning som lugnar och \u00e5terfuktar huden. Easy-Glide Shaving Emulsion ger den n\u00e4rmast m\u00f6jliga rakningen och f\u00f6rhindrar irritation, skador fr\u00e5n rakning och torrhet.<\/p>\n<p>Passar m\u00e4n som vill ha en n\u00e4ra rakning men tenderar att f\u00e5 skador fr\u00e5n rakhyvlar, irritation, k\u00e4nslighet eller in\u00e5tv\u00e4xande h\u00e5r fr\u00e5n rakning. Fungerar \u00e4ven perfekt f\u00f6r de som l\u00e4tt blir torra, strama, eller uttorkade efter rakning.<\/p>\n","protected":false},"featured_media":43614,"template":"","meta":[],"product_brand":[],"product_cat":[287,298,311,296,297],"product_tag":[],"class_list":{"0":"post-43613","1":"product","2":"type-product","3":"status-publish","4":"has-post-thumbnail","6":"product_cat-alla-produkter","7":"product_cat-essential","8":"product_cat-mens-line","9":"product_cat-pevonia-2","10":"product_cat-retail","12":"first","13":"instock","14":"taxable","15":"shipping-taxable","16":"purchasable","17":"product-type-simple"},"shsp-ext":{"main":{},"variations":[]},"_links":{"self":[{"href":"https:\/\/b4k.se\/no\/wp-json\/wp\/v2\/product\/43613","targetHints":{"allow":["GET"]}}],"collection":[{"href":"https:\/\/b4k.se\/no\/wp-json\/wp\/v2\/product"}],"about":[{"href":"https:\/\/b4k.se\/no\/wp-json\/wp\/v2\/types\/product"}],"wp:featuredmedia":[{"embeddable":true,"href":"https:\/\/b4k.se\/no\/wp-json\/wp\/v2\/media\/43614"}],"wp:attachment":[{"href":"https:\/\/b4k.se\/no\/wp-json\/wp\/v2\/media?parent=43613"}],"wp:term":[{"taxonomy":"product_brand","embeddable":true,"href":"https:\/\/b4k.se\/no\/wp-json\/wp\/v2\/product_brand?post=43613"},{"taxonomy":"product_cat","embeddable":true,"href":"https:\/\/b4k.se\/no\/wp-json\/wp\/v2\/product_cat?post=43613"},{"taxonomy":"product_tag","embeddable":true,"href":"https:\/\/b4k.se\/no\/wp-json\/wp\/v2\/product_tag?post=43613"}],"curies":[{"name":"wp","href":"https:\/\/api.w.org\/{rel}","templated":true}]}}