{"id":43611,"date":"2024-04-10T10:53:18","date_gmt":"2024-04-10T08:53:18","guid":{"rendered":"https:\/\/b4k.se\/product\/aqua-gel-foaming-cleanser-200ml\/"},"modified":"2026-01-22T13:34:33","modified_gmt":"2026-01-22T12:34:33","slug":"aqua-gel-foaming-cleanser-200ml","status":"publish","type":"product","link":"https:\/\/b4k.se\/no\/produkt\/aqua-gel-foaming-cleanser-200ml\/","title":{"rendered":"Pevonia Aqua-Gel Foaming Cleanser"},"content":{"rendered":"<p><strong>Anv\u00e4ndning:<\/strong><\/p>\n<p>Anv\u00e4nd morgon och kv\u00e4ll. Skumma upp en liten m\u00e4ngd Aqua-Gel Foaming Cleanser och applicera \u00f6ver hela ansiktet och halsen. Arbeta in med v\u00e5ta fingertoppar. Sk\u00f6lj av med varmt vatten och torka ansiktet torrt med handduk.<\/p>\n","protected":false},"excerpt":{"rendered":"<p>Reng\u00f6r ansiktet noggrant med denna icke-uttorkande, sulfatfria, aromatiska reng\u00f6ring som \u00e4r framtagen f\u00f6r m\u00e4n och ger en h\u00e4lsosam, attraktiv hudton. Aqua-Gel Foaming Cleanser reng\u00f6r, fr\u00e4schar upp och \u00e5terfuktar huden p\u00e5 djupet.<\/p>\n<p>Passar m\u00e4n som gillar skummig reng\u00f6ring och den riktigt rena k\u00e4nslan som tv\u00e5l ger.<\/p>\n","protected":false},"featured_media":43612,"template":"","meta":[],"product_brand":[],"product_cat":[287,298,311,296,297],"product_tag":[],"class_list":{"0":"post-43611","1":"product","2":"type-product","3":"status-publish","4":"has-post-thumbnail","6":"product_cat-alla-produkter","7":"product_cat-essential","8":"product_cat-mens-line","9":"product_cat-pevonia-2","10":"product_cat-retail","12":"first","13":"instock","14":"taxable","15":"shipping-taxable","16":"purchasable","17":"product-type-simple"},"shsp-ext":{"main":{},"variations":[]},"_links":{"self":[{"href":"https:\/\/b4k.se\/no\/wp-json\/wp\/v2\/product\/43611","targetHints":{"allow":["GET"]}}],"collection":[{"href":"https:\/\/b4k.se\/no\/wp-json\/wp\/v2\/product"}],"about":[{"href":"https:\/\/b4k.se\/no\/wp-json\/wp\/v2\/types\/product"}],"wp:featuredmedia":[{"embeddable":true,"href":"https:\/\/b4k.se\/no\/wp-json\/wp\/v2\/media\/43612"}],"wp:attachment":[{"href":"https:\/\/b4k.se\/no\/wp-json\/wp\/v2\/media?parent=43611"}],"wp:term":[{"taxonomy":"product_brand","embeddable":true,"href":"https:\/\/b4k.se\/no\/wp-json\/wp\/v2\/product_brand?post=43611"},{"taxonomy":"product_cat","embeddable":true,"href":"https:\/\/b4k.se\/no\/wp-json\/wp\/v2\/product_cat?post=43611"},{"taxonomy":"product_tag","embeddable":true,"href":"https:\/\/b4k.se\/no\/wp-json\/wp\/v2\/product_tag?post=43611"}],"curies":[{"name":"wp","href":"https:\/\/api.w.org\/{rel}","templated":true}]}}