{"id":43602,"date":"2018-12-13T09:32:11","date_gmt":"2018-12-13T08:32:11","guid":{"rendered":"https:\/\/b4k.se\/product\/stem-cell-intensive-serum\/"},"modified":"2026-03-25T13:38:46","modified_gmt":"2026-03-25T12:38:46","slug":"stem-cell-intensive-serum","status":"publish","type":"product","link":"https:\/\/b4k.se\/no\/produkt\/stem-cell-intensive-serum\/","title":{"rendered":"Stem Cell Intensive Serum"},"content":{"rendered":"<p><span style=\"font-weight: 400\">Anv\u00e4ndning:<\/span><\/p>\n<p><span style=\"font-weight: 400\">Efter reng\u00f6ring med Stem Cells Multi-Active Foaming Cleanser, applicera 5 droppar Stem Cells Intensive Serum och massera f\u00f6rsiktigt in \u00f6ver ansikte och hals tills det absorberas. F\u00f6lj upp med Stem Cells Intensive Cream.<\/span><\/p>\n<p><span style=\"font-weight: 400\">Anv\u00e4nds p\u00e5 kv\u00e4llen. Rekommenderas f\u00f6r mogen hud med djup uttorkning.<\/span><\/p>\n<p><span style=\"font-weight: 400\">F\u00f6r b\u00e4sta resultat appliceras Stem Cells Phyto-Elite\u00ae-produkterna i f\u00f6ljande ordning:<\/span><span style=\"font-weight: 400\"><br \/>\n<\/span><span style=\"font-weight: 400\">1. Cleanser<\/span><span style=\"font-weight: 400\"><br \/>\n<\/span><span style=\"font-weight: 400\">2. Serum<\/span><span style=\"font-weight: 400\"><br \/>\n<\/span><span style=\"font-weight: 400\">3. Cream<\/span><\/p>\n","protected":false},"excerpt":{"rendered":"<p><span style=\"font-weight: 400\">Uppn\u00e5 synbara \u00e5ldringssv\u00e4ndande resultat samtidigt som hudceller skyddas och stimuleras med detta vetenskapligt utformade serum.<\/span><\/p>\n<p><span style=\"font-weight: 400\">Stem Cell Intensive Serum snabbar p\u00e5 reparationen, riktar in sig p\u00e5 \u00e5lderstecken, skyddar och tillf\u00f6r energi till cellerna.<\/span><\/p>\n<p><span style=\"font-weight: 400\">Passar de med mogen hud med tydliga tecken p\u00e5 \u00e5ldrande eller de som vill undvika dem. Fungerar \u00e4ven perfekt f\u00f6r de som vill ha minskade linjer och minskat rynkdjup, en mjukare hudyta och l\u00e5ngsiktigt skydd fr\u00e5n hudens naturligt reparerande stamceller.<\/span><\/p>\n","protected":false},"featured_media":43603,"template":"","meta":[],"product_brand":[],"product_cat":[307,287,296,309],"product_tag":[],"class_list":{"0":"post-43602","1":"product","2":"type-product","3":"status-publish","4":"has-post-thumbnail","6":"product_cat-age-management","7":"product_cat-alla-produkter","8":"product_cat-pevonia-2","9":"product_cat-stem-cell-line","11":"first","12":"instock","13":"taxable","14":"shipping-taxable","15":"purchasable","16":"product-type-simple"},"shsp-ext":{"main":{},"variations":[]},"_links":{"self":[{"href":"https:\/\/b4k.se\/no\/wp-json\/wp\/v2\/product\/43602","targetHints":{"allow":["GET"]}}],"collection":[{"href":"https:\/\/b4k.se\/no\/wp-json\/wp\/v2\/product"}],"about":[{"href":"https:\/\/b4k.se\/no\/wp-json\/wp\/v2\/types\/product"}],"wp:featuredmedia":[{"embeddable":true,"href":"https:\/\/b4k.se\/no\/wp-json\/wp\/v2\/media\/43603"}],"wp:attachment":[{"href":"https:\/\/b4k.se\/no\/wp-json\/wp\/v2\/media?parent=43602"}],"wp:term":[{"taxonomy":"product_brand","embeddable":true,"href":"https:\/\/b4k.se\/no\/wp-json\/wp\/v2\/product_brand?post=43602"},{"taxonomy":"product_cat","embeddable":true,"href":"https:\/\/b4k.se\/no\/wp-json\/wp\/v2\/product_cat?post=43602"},{"taxonomy":"product_tag","embeddable":true,"href":"https:\/\/b4k.se\/no\/wp-json\/wp\/v2\/product_tag?post=43602"}],"curies":[{"name":"wp","href":"https:\/\/api.w.org\/{rel}","templated":true}]}}