{"id":43580,"date":"2020-03-27T07:53:40","date_gmt":"2020-03-27T06:53:40","guid":{"rendered":"https:\/\/b4k.se\/product\/hyaluronic-acid-hydra-serum\/"},"modified":"2026-04-14T09:13:53","modified_gmt":"2026-04-14T07:13:53","slug":"hyaluronic-acid-hydra-serum","status":"publish","type":"product","link":"https:\/\/b4k.se\/no\/produkt\/hyaluronic-acid-hydra-serum\/","title":{"rendered":"Pevonia Power Repair Hyaluronic Acid - Hydra Serum 15 ml"},"content":{"rendered":"<ul>\n<li><span style=\"font-weight: 400\">Djupt \u00e5terfuktande - \u00f6kar fuktigheten i huden<\/span><\/li>\n<li><span style=\"font-weight: 400\">Motverkar \u00e5ldrande - plumpar linjer och rynkor<\/span><\/li>\n<li><span style=\"font-weight: 400\">F\u00f6rb\u00e4ttrar cellul\u00e4r prestanda och \u00f6kar n\u00e4rings\u00e4mnen i huden<\/span><\/li>\n<li><span style=\"font-weight: 400\">Utm\u00e4rkt leveranssystem f\u00f6r synergistiska \u00e5ldersbek\u00e4mpande \u00e4mnen<\/span><\/li>\n<li><span style=\"font-weight: 400\">Bra sminkbas f\u00f6r en sl\u00e4t och str\u00e5lande hud<\/span><\/li>\n<\/ul>\n<p><span style=\"font-weight: 400\">Anv\u00e4ndning:<\/span><\/p>\n<p><span style=\"font-weight: 400\">Applicera tv\u00e5 till tre droppar p\u00e5 ren hud \u00f6ver ansikte och hals. Massera in f\u00f6rsiktigt.\u00a0<\/span><\/p>\n<p><span style=\"font-weight: 400\">Appliceras morgon eller kv\u00e4ll. Kan anv\u00e4ndas under valfri hudkr\u00e4m fr\u00e5n Pevonia.<\/span><\/p>\n","protected":false},"excerpt":{"rendered":"<p><span style=\"font-weight: 400\">Hyaluronic Acid - Hydra Serum\u2019s unika formulering levererar fragmenterade mikropartiklar av botanisk hyaluronsyra fr\u00e5n sockerbetor f\u00f6r garanterad absorption, kombinerat med den kraftfulla duon av marint kollagen och extrakt fr\u00e5n okra (Hibiscus Esculentus) f\u00f6r optimala fuktgivande och hudutj\u00e4mnande resultat. Hudstrukturen blir mjukare, fylligare och fastare samtidigt som den ser friskare, sp\u00e4nstigare, ljusare och smidigare ut.<\/span><\/p>\n<p><span style=\"font-weight: 400\">Fungerar perfekt som \u00e5terfuktning f\u00f6r uttorkad, torr och mogen hud.<br \/>\n<\/span><span style=\"font-weight: 400\">Rekommenderas f\u00f6r alla hudtyper, inklusive k\u00e4nsliga.<\/span><\/p>\n","protected":false},"featured_media":43582,"template":"","meta":[],"product_brand":[],"product_cat":[307,287,296,308,297],"product_tag":[],"class_list":{"0":"post-43580","1":"product","2":"type-product","3":"status-publish","4":"has-post-thumbnail","6":"product_cat-age-management","7":"product_cat-alla-produkter","8":"product_cat-pevonia-2","9":"product_cat-power-repair-line","10":"product_cat-retail","12":"first","13":"instock","14":"taxable","15":"shipping-taxable","16":"purchasable","17":"product-type-simple"},"shsp-ext":{"main":{},"variations":[]},"_links":{"self":[{"href":"https:\/\/b4k.se\/no\/wp-json\/wp\/v2\/product\/43580","targetHints":{"allow":["GET"]}}],"collection":[{"href":"https:\/\/b4k.se\/no\/wp-json\/wp\/v2\/product"}],"about":[{"href":"https:\/\/b4k.se\/no\/wp-json\/wp\/v2\/types\/product"}],"wp:featuredmedia":[{"embeddable":true,"href":"https:\/\/b4k.se\/no\/wp-json\/wp\/v2\/media\/43582"}],"wp:attachment":[{"href":"https:\/\/b4k.se\/no\/wp-json\/wp\/v2\/media?parent=43580"}],"wp:term":[{"taxonomy":"product_brand","embeddable":true,"href":"https:\/\/b4k.se\/no\/wp-json\/wp\/v2\/product_brand?post=43580"},{"taxonomy":"product_cat","embeddable":true,"href":"https:\/\/b4k.se\/no\/wp-json\/wp\/v2\/product_cat?post=43580"},{"taxonomy":"product_tag","embeddable":true,"href":"https:\/\/b4k.se\/no\/wp-json\/wp\/v2\/product_tag?post=43580"}],"curies":[{"name":"wp","href":"https:\/\/api.w.org\/{rel}","templated":true}]}}