{"id":43538,"date":"2018-12-12T11:29:17","date_gmt":"2018-12-12T10:29:17","guid":{"rendered":"https:\/\/b4k.se\/product\/c-evolutive-eye-gel\/"},"modified":"2026-01-22T11:40:30","modified_gmt":"2026-01-22T10:40:30","slug":"c-evolutive-eye-gel","status":"publish","type":"product","link":"https:\/\/b4k.se\/no\/produkt\/c-evolutive-eye-gel\/","title":{"rendered":"Pevonia \"C\" Evolutive Eye Gel 15 ml."},"content":{"rendered":"<p><strong>Anv\u00e4ndning:<\/strong><\/p>\n<p>Appliceras p\u00e5 morgonen. Fungerar som en utm\u00e4rkt bas f\u00f6r l\u00e5ngvarigt smink. Se till att \u00f6gonomr\u00e5det \u00e4r rent och applicera en liten m\u00e4ngd runt \u00f6gonkonturen. Anv\u00e4nd mjuka duttande r\u00f6relser. <em>Var f\u00f6rsiktig s\u00e5 att du inte applicerar denna gel i \u00f6gonen.<\/em><\/p>\n<p>B\u00e4st resultat ges n\u00e4r den anv\u00e4nds tillsammans med Evolutive Eye Cream.<\/p>\n","protected":false},"excerpt":{"rendered":"<p><span style=\"font-weight: 400;\">Minska m\u00f6rka ringar och svullnader och f\u00f6rhindra fina linjer med denna l\u00e4tta \u00f6gongel. \"C\" \u00c9volutive Eye Gel \u00e5terfuktar, skyddar, minskar \u00f6gonsvullnad och m\u00f6rka ringar, j\u00e4mnar ut och f\u00f6rhindrar fina linjer.<\/span><\/p>\n<p><span style=\"font-weight: 400;\">Passar alla med svullnader, fina linjer och m\u00f6rka ringar under \u00f6gonen.<\/span><\/p>\n","protected":false},"featured_media":43540,"template":"","meta":[],"product_brand":[],"product_cat":[287,298,306,296,297],"product_tag":[],"class_list":{"0":"post-43538","1":"product","2":"type-product","3":"status-publish","4":"has-post-thumbnail","6":"product_cat-alla-produkter","7":"product_cat-essential","8":"product_cat-eye-line","9":"product_cat-pevonia-2","10":"product_cat-retail","12":"first","13":"outofstock","14":"taxable","15":"shipping-taxable","16":"purchasable","17":"product-type-simple"},"shsp-ext":{"main":{},"variations":[]},"_links":{"self":[{"href":"https:\/\/b4k.se\/no\/wp-json\/wp\/v2\/product\/43538","targetHints":{"allow":["GET"]}}],"collection":[{"href":"https:\/\/b4k.se\/no\/wp-json\/wp\/v2\/product"}],"about":[{"href":"https:\/\/b4k.se\/no\/wp-json\/wp\/v2\/types\/product"}],"wp:featuredmedia":[{"embeddable":true,"href":"https:\/\/b4k.se\/no\/wp-json\/wp\/v2\/media\/43540"}],"wp:attachment":[{"href":"https:\/\/b4k.se\/no\/wp-json\/wp\/v2\/media?parent=43538"}],"wp:term":[{"taxonomy":"product_brand","embeddable":true,"href":"https:\/\/b4k.se\/no\/wp-json\/wp\/v2\/product_brand?post=43538"},{"taxonomy":"product_cat","embeddable":true,"href":"https:\/\/b4k.se\/no\/wp-json\/wp\/v2\/product_cat?post=43538"},{"taxonomy":"product_tag","embeddable":true,"href":"https:\/\/b4k.se\/no\/wp-json\/wp\/v2\/product_tag?post=43538"}],"curies":[{"name":"wp","href":"https:\/\/api.w.org\/{rel}","templated":true}]}}