{"id":43531,"date":"2018-12-12T11:14:30","date_gmt":"2018-12-12T10:14:30","guid":{"rendered":"https:\/\/b4k.se\/product\/balancing-combination-skin-cream\/"},"modified":"2026-04-14T14:26:36","modified_gmt":"2026-04-14T12:26:36","slug":"balancing-combination-skin-cream","status":"publish","type":"product","link":"https:\/\/b4k.se\/no\/produkt\/balancing-combination-skin-cream\/","title":{"rendered":"Balancing Combination Skin Cream"},"content":{"rendered":"<p><strong>Anv\u00e4ndning:<\/strong><\/p>\n<p>Efter reng\u00f6ring med Combination Skin Cleanser, f\u00f6ljt av Combination Skin Lotion, applicera denna kr\u00e4m morgon eller kv\u00e4ll \u00f6ver ansikte och hals.<\/p>\n","protected":false},"excerpt":{"rendered":"<p>Balansera t-zonen, minska talgproduktionen och \u00f6ka fuktigheten med denna icke-komedogena, fuktgivande 24-timmarskr\u00e4m. Balancing Combination Skin Cream reglerar oljeproduktionen och ger fukt till huden. Den ger \u00e4ven n\u00e4ring, reparerar, skyddar och motverkar tecken p\u00e5 \u00e5ldrande.<\/p>\n<p>Passar alla med kombinerad hud som vill motverka glans i t-zonen och f\u00e5 en balans fr\u00e5n aktiva, naturliga, \u00e5terfuktande och oljeabsorberande ingredienser.<\/p>\n","protected":false},"featured_media":43532,"template":"","meta":[],"product_brand":[],"product_cat":[287,299,298,296,297],"product_tag":[],"class_list":{"0":"post-43531","1":"product","2":"type-product","3":"status-publish","4":"has-post-thumbnail","6":"product_cat-alla-produkter","7":"product_cat-combination-line","8":"product_cat-essential","9":"product_cat-pevonia-2","10":"product_cat-retail","12":"first","13":"instock","14":"taxable","15":"shipping-taxable","16":"purchasable","17":"product-type-simple"},"shsp-ext":{"main":{},"variations":[]},"_links":{"self":[{"href":"https:\/\/b4k.se\/no\/wp-json\/wp\/v2\/product\/43531","targetHints":{"allow":["GET"]}}],"collection":[{"href":"https:\/\/b4k.se\/no\/wp-json\/wp\/v2\/product"}],"about":[{"href":"https:\/\/b4k.se\/no\/wp-json\/wp\/v2\/types\/product"}],"wp:featuredmedia":[{"embeddable":true,"href":"https:\/\/b4k.se\/no\/wp-json\/wp\/v2\/media\/43532"}],"wp:attachment":[{"href":"https:\/\/b4k.se\/no\/wp-json\/wp\/v2\/media?parent=43531"}],"wp:term":[{"taxonomy":"product_brand","embeddable":true,"href":"https:\/\/b4k.se\/no\/wp-json\/wp\/v2\/product_brand?post=43531"},{"taxonomy":"product_cat","embeddable":true,"href":"https:\/\/b4k.se\/no\/wp-json\/wp\/v2\/product_cat?post=43531"},{"taxonomy":"product_tag","embeddable":true,"href":"https:\/\/b4k.se\/no\/wp-json\/wp\/v2\/product_tag?post=43531"}],"curies":[{"name":"wp","href":"https:\/\/api.w.org\/{rel}","templated":true}]}}