{"id":43522,"date":"2018-12-12T10:38:47","date_gmt":"2018-12-12T09:38:47","guid":{"rendered":"https:\/\/b4k.se\/product\/soothing-propolis-concentrate\/"},"modified":"2026-04-09T11:28:03","modified_gmt":"2026-04-09T09:28:03","slug":"soothing-propolis-concentrate","status":"publish","type":"product","link":"https:\/\/b4k.se\/no\/produkt\/soothing-propolis-concentrate\/","title":{"rendered":"Soothing Propolis Concentrate"},"content":{"rendered":"<p><strong>Anv\u00e4ndning:<\/strong><\/p>\n<p>Anv\u00e4nd morgon eller kv\u00e4ll. Applicera en till tv\u00e5 pumpar av koncentratet p\u00e5 ren hud \u00f6ver ansiktet och halsen. Massera sedan f\u00f6rsiktigt in koncentratet.<\/p>\n","protected":false},"excerpt":{"rendered":"<p><span style=\"font-weight: 400\">St\u00e4rk \u00f6mt\u00e5lig hud och bek\u00e4mpa bakterier med detta lugnande koncentrat f\u00f6r att skapa en \u00e5terfuktad och lugn hy. Soothing Propolis Concentrate lugnar huden, minskar rodnad, l\u00e4ker, bek\u00e4mpar bakterier och st\u00e4rker k\u00e4nslig hud.<\/span><\/p>\n<p><span style=\"font-weight: 400\">Passar de med k\u00e4nslig och allergiben\u00e4gen hud som \u00e4r \u00f6mt\u00e5lig, blir r\u00f6d eller l\u00e4tt irriterad och de som har obalans. Kan \u00e4ven anv\u00e4ndas av de med br\u00e4nnskador, de som vaxar sig eller de som anv\u00e4nder aknemediciner.\u00a0<\/span><\/p>\n","protected":false},"featured_media":43523,"template":"","meta":[],"product_brand":[],"product_cat":[287,298,296,297,304],"product_tag":[],"class_list":{"0":"post-43522","1":"product","2":"type-product","3":"status-publish","4":"has-post-thumbnail","6":"product_cat-alla-produkter","7":"product_cat-essential","8":"product_cat-pevonia-2","9":"product_cat-retail","10":"product_cat-sensitive-line","12":"first","13":"instock","14":"taxable","15":"shipping-taxable","16":"purchasable","17":"product-type-simple"},"shsp-ext":{"main":{},"variations":[]},"_links":{"self":[{"href":"https:\/\/b4k.se\/no\/wp-json\/wp\/v2\/product\/43522","targetHints":{"allow":["GET"]}}],"collection":[{"href":"https:\/\/b4k.se\/no\/wp-json\/wp\/v2\/product"}],"about":[{"href":"https:\/\/b4k.se\/no\/wp-json\/wp\/v2\/types\/product"}],"wp:featuredmedia":[{"embeddable":true,"href":"https:\/\/b4k.se\/no\/wp-json\/wp\/v2\/media\/43523"}],"wp:attachment":[{"href":"https:\/\/b4k.se\/no\/wp-json\/wp\/v2\/media?parent=43522"}],"wp:term":[{"taxonomy":"product_brand","embeddable":true,"href":"https:\/\/b4k.se\/no\/wp-json\/wp\/v2\/product_brand?post=43522"},{"taxonomy":"product_cat","embeddable":true,"href":"https:\/\/b4k.se\/no\/wp-json\/wp\/v2\/product_cat?post=43522"},{"taxonomy":"product_tag","embeddable":true,"href":"https:\/\/b4k.se\/no\/wp-json\/wp\/v2\/product_tag?post=43522"}],"curies":[{"name":"wp","href":"https:\/\/api.w.org\/{rel}","templated":true}]}}