{"id":43520,"date":"2018-12-12T10:36:45","date_gmt":"2018-12-12T09:36:45","guid":{"rendered":"https:\/\/b4k.se\/product\/soothing-sensitive-skin-cream\/"},"modified":"2026-04-04T09:01:41","modified_gmt":"2026-04-04T07:01:41","slug":"soothing-sensitive-skin-cream","status":"publish","type":"product","link":"https:\/\/b4k.se\/no\/produkt\/soothing-sensitive-skin-cream\/","title":{"rendered":"Soothing Sensitive Skin Cream"},"content":{"rendered":"<p><strong>Anv\u00e4ndning:<\/strong><\/p>\n<p>Applicera p\u00e5 morgonen eller kv\u00e4llen \u00f6ver hela ansiktet och halsen efter reng\u00f6ring med Sensitive Skin Cleanser f\u00f6ljt av Sensitive Skin Lotion.<\/p>\n","protected":false},"excerpt":{"rendered":"<p>Lugna och \u00e5terfukta huden med denna \u00e5terfuktande 24-timmarskr\u00e4m. Soothing Sensitive Skin Cream lugnar huden, minskar rodnad och irritation, st\u00e4rker, l\u00e4ker och skyddar.<\/p>\n<p>Passar alla k\u00e4nsliga, \u00f6verk\u00e4nsliga eller allergiska hudtyper och hud som l\u00e4tt rodnar eller blir irriterad.<\/p>\n","protected":false},"featured_media":43521,"template":"","meta":[],"product_brand":[],"product_cat":[287,298,296,297,304],"product_tag":[],"class_list":{"0":"post-43520","1":"product","2":"type-product","3":"status-publish","4":"has-post-thumbnail","6":"product_cat-alla-produkter","7":"product_cat-essential","8":"product_cat-pevonia-2","9":"product_cat-retail","10":"product_cat-sensitive-line","12":"first","13":"instock","14":"taxable","15":"shipping-taxable","16":"purchasable","17":"product-type-simple"},"shsp-ext":{"main":{},"variations":[]},"_links":{"self":[{"href":"https:\/\/b4k.se\/no\/wp-json\/wp\/v2\/product\/43520","targetHints":{"allow":["GET"]}}],"collection":[{"href":"https:\/\/b4k.se\/no\/wp-json\/wp\/v2\/product"}],"about":[{"href":"https:\/\/b4k.se\/no\/wp-json\/wp\/v2\/types\/product"}],"wp:featuredmedia":[{"embeddable":true,"href":"https:\/\/b4k.se\/no\/wp-json\/wp\/v2\/media\/43521"}],"wp:attachment":[{"href":"https:\/\/b4k.se\/no\/wp-json\/wp\/v2\/media?parent=43520"}],"wp:term":[{"taxonomy":"product_brand","embeddable":true,"href":"https:\/\/b4k.se\/no\/wp-json\/wp\/v2\/product_brand?post=43520"},{"taxonomy":"product_cat","embeddable":true,"href":"https:\/\/b4k.se\/no\/wp-json\/wp\/v2\/product_cat?post=43520"},{"taxonomy":"product_tag","embeddable":true,"href":"https:\/\/b4k.se\/no\/wp-json\/wp\/v2\/product_tag?post=43520"}],"curies":[{"name":"wp","href":"https:\/\/api.w.org\/{rel}","templated":true}]}}