{"id":43516,"date":"2018-12-12T10:31:07","date_gmt":"2018-12-12T09:31:07","guid":{"rendered":"https:\/\/b4k.se\/product\/sensitive-skin-lotion\/"},"modified":"2026-05-13T09:25:56","modified_gmt":"2026-05-13T07:25:56","slug":"sensitive-skin-lotion","status":"publish","type":"product","link":"https:\/\/b4k.se\/no\/produkt\/sensitive-skin-lotion\/","title":{"rendered":"Sensitive Skin Lotion"},"content":{"rendered":"<p><strong>Anv\u00e4ndning:<\/strong><\/p>\n<p>Anv\u00e4nd morgon och kv\u00e4ll. Efter grundlig reng\u00f6ring med Sensitive Skin Cleanser, torka av ansiktet och halsen med en bomullsrondell fuktad med denna Sensitive Skin Lotion.<\/p>\n","protected":false},"excerpt":{"rendered":"<p><span style=\"font-weight: 400\">Med detta lugnande och alkoholfria ansiktsvatten tar du reng\u00f6ringen till n\u00e4sta niv\u00e5 och minskar irritation och k\u00e4nslighet i huden. Sensitive Skin Lotion slutf\u00f6r reng\u00f6ringen, neutraliserar irriterande kemikalier fr\u00e5n kranvatten, lugnar huden och d\u00e4mpar rodnad och irritation.<\/span><\/p>\n<p><span style=\"font-weight: 400\">Passar de med k\u00e4nslig, \u00f6verk\u00e4nslig eller allergiben\u00e4gen hud som blir r\u00f6d och l\u00e4tt irriterad. Den fungerar \u00e4ven perfekt som en lugnande aftershave-mist eller f\u00f6r dem som beh\u00f6ver extra fukt under dagen.<\/span><\/p>\n","protected":false},"featured_media":43517,"template":"","meta":[],"product_brand":[],"product_cat":[287,298,296,297,304],"product_tag":[],"class_list":{"0":"post-43516","1":"product","2":"type-product","3":"status-publish","4":"has-post-thumbnail","6":"product_cat-alla-produkter","7":"product_cat-essential","8":"product_cat-pevonia-2","9":"product_cat-retail","10":"product_cat-sensitive-line","12":"first","13":"instock","14":"taxable","15":"shipping-taxable","16":"purchasable","17":"product-type-simple"},"shsp-ext":{"main":{},"variations":[]},"_links":{"self":[{"href":"https:\/\/b4k.se\/no\/wp-json\/wp\/v2\/product\/43516","targetHints":{"allow":["GET"]}}],"collection":[{"href":"https:\/\/b4k.se\/no\/wp-json\/wp\/v2\/product"}],"about":[{"href":"https:\/\/b4k.se\/no\/wp-json\/wp\/v2\/types\/product"}],"wp:featuredmedia":[{"embeddable":true,"href":"https:\/\/b4k.se\/no\/wp-json\/wp\/v2\/media\/43517"}],"wp:attachment":[{"href":"https:\/\/b4k.se\/no\/wp-json\/wp\/v2\/media?parent=43516"}],"wp:term":[{"taxonomy":"product_brand","embeddable":true,"href":"https:\/\/b4k.se\/no\/wp-json\/wp\/v2\/product_brand?post=43516"},{"taxonomy":"product_cat","embeddable":true,"href":"https:\/\/b4k.se\/no\/wp-json\/wp\/v2\/product_cat?post=43516"},{"taxonomy":"product_tag","embeddable":true,"href":"https:\/\/b4k.se\/no\/wp-json\/wp\/v2\/product_tag?post=43516"}],"curies":[{"name":"wp","href":"https:\/\/api.w.org\/{rel}","templated":true}]}}