{"id":43511,"date":"2018-12-12T10:11:52","date_gmt":"2018-12-12T09:11:52","guid":{"rendered":"https:\/\/b4k.se\/product\/vitaminic-concentrate\/"},"modified":"2026-03-31T09:35:58","modified_gmt":"2026-03-31T07:35:58","slug":"vitaminic-concentrate","status":"publish","type":"product","link":"https:\/\/b4k.se\/no\/produkt\/vitaminic-concentrate\/","title":{"rendered":"Vitaminic Concentrate"},"content":{"rendered":"<p><strong>Anv\u00e4ndning:<\/strong><\/p>\n<p>Efter reng\u00f6ring av huden med Dry Skin Cleanser, f\u00f6ljt av Dry Skin Lotion, applicera en till tv\u00e5 pumpar av denna olja \u00f6ver hela ansiktet och halsen. Undvik \u00f6gonkonturen. Massera f\u00f6rsiktigt in.<\/p>\n<p>Anv\u00e4nd p\u00e5 kv\u00e4llen. B\u00e4sta resultat ges n\u00e4r Rejuvenating Dry Skin Cream anv\u00e4nds p\u00e5 morgonen.<\/p>\n","protected":false},"excerpt":{"rendered":"<p><span style=\"font-weight: 400\">Motverka torrhet, fuktfattighet och f\u00f6r tidigt \u00e5ldrande med detta h\u00f6gkoncentrerade och \u00e5terupplivande serum. Vitaminic Concentrate minskar torrhet, \u00e5terfuktar, ger n\u00e4ring, sl\u00e4tar ut rynkor, j\u00e4mnar ut hudtonen, bek\u00e4mpar fria radikaler och minskar stress.<\/span><\/p>\n<p><span style=\"font-weight: 400\">Passar alla med tr\u00f6tt, uttorkad hud som k\u00e4nns stram eller \u00e4r irriterad med oj\u00e4mn hudton och textur. \u00c4ven perfekt f\u00f6r de som \u00e4r intresserade av att f\u00f6rebygga \u00e5lderstecken. <\/span> \u00c4ven perfekt f\u00f6r de som \u00e4r intresserade av att f\u00f6rebygga \u00e5lderstecken.<\/p>\n","protected":false},"featured_media":42989,"template":"","meta":[],"product_brand":[],"product_cat":[287,303,298,296,297],"product_tag":[],"class_list":{"0":"post-43511","1":"product","2":"type-product","3":"status-publish","4":"has-post-thumbnail","6":"product_cat-alla-produkter","7":"product_cat-dry-skin-line","8":"product_cat-essential","9":"product_cat-pevonia-2","10":"product_cat-retail","12":"first","13":"instock","14":"taxable","15":"shipping-taxable","16":"purchasable","17":"product-type-simple"},"shsp-ext":{"main":{},"variations":[]},"_links":{"self":[{"href":"https:\/\/b4k.se\/no\/wp-json\/wp\/v2\/product\/43511","targetHints":{"allow":["GET"]}}],"collection":[{"href":"https:\/\/b4k.se\/no\/wp-json\/wp\/v2\/product"}],"about":[{"href":"https:\/\/b4k.se\/no\/wp-json\/wp\/v2\/types\/product"}],"wp:featuredmedia":[{"embeddable":true,"href":"https:\/\/b4k.se\/no\/wp-json\/wp\/v2\/media\/42989"}],"wp:attachment":[{"href":"https:\/\/b4k.se\/no\/wp-json\/wp\/v2\/media?parent=43511"}],"wp:term":[{"taxonomy":"product_brand","embeddable":true,"href":"https:\/\/b4k.se\/no\/wp-json\/wp\/v2\/product_brand?post=43511"},{"taxonomy":"product_cat","embeddable":true,"href":"https:\/\/b4k.se\/no\/wp-json\/wp\/v2\/product_cat?post=43511"},{"taxonomy":"product_tag","embeddable":true,"href":"https:\/\/b4k.se\/no\/wp-json\/wp\/v2\/product_tag?post=43511"}],"curies":[{"name":"wp","href":"https:\/\/api.w.org\/{rel}","templated":true}]}}