{"id":43498,"date":"2018-12-12T11:20:58","date_gmt":"2018-12-12T10:20:58","guid":{"rendered":"https:\/\/b4k.se\/product\/phyto-gel-cleanser\/"},"modified":"2026-04-18T12:18:20","modified_gmt":"2026-04-18T10:18:20","slug":"phyto-gel-cleanser","status":"publish","type":"product","link":"https:\/\/b4k.se\/no\/produkt\/phyto-gel-cleanser\/","title":{"rendered":"Phyto-gel Cleanser"},"content":{"rendered":"<p><strong>Anv\u00e4ndning:<\/strong><\/p>\n<p>Anv\u00e4nd morgon och kv\u00e4ll. Skumma upp en liten m\u00e4ngd mellan v\u00e5ta handflator. Applicera sedan p\u00e5 ansikte och nacke. Arbeta in reng\u00f6ringen med v\u00e5ta fingertoppar. Sk\u00f6lj sedan av med varmt vatten och torka med handduk. Applicera slutligen en passande toner och ansiktskr\u00e4m fr\u00e5n Pevonia.<\/p>\n<p>Rekommenderas till alla hudtyper och passar perfekt f\u00f6r de med fet hud.<\/p>\n","protected":false},"excerpt":{"rendered":"<p>Phyto-gel Cleanser \u00e4r en reng\u00f6ring med naturligt, mjukt skum som reng\u00f6r p\u00e5 djupet, tar bort smink och orenheter samt \u00e4r talgreglerande utan att torka ut huden.<\/p>\n<p>Passar alla hudtyper, s\u00e4rskilt de som tenderar att bli lite feta i huden.<\/p>\n","protected":false},"featured_media":43499,"template":"","meta":[],"product_brand":[],"product_cat":[287,299,298,296,297],"product_tag":[],"class_list":{"0":"post-43498","1":"product","2":"type-product","3":"status-publish","4":"has-post-thumbnail","6":"product_cat-alla-produkter","7":"product_cat-combination-line","8":"product_cat-essential","9":"product_cat-pevonia-2","10":"product_cat-retail","12":"first","13":"instock","14":"taxable","15":"shipping-taxable","16":"purchasable","17":"product-type-simple"},"shsp-ext":{"main":{},"variations":[]},"_links":{"self":[{"href":"https:\/\/b4k.se\/no\/wp-json\/wp\/v2\/product\/43498","targetHints":{"allow":["GET"]}}],"collection":[{"href":"https:\/\/b4k.se\/no\/wp-json\/wp\/v2\/product"}],"about":[{"href":"https:\/\/b4k.se\/no\/wp-json\/wp\/v2\/types\/product"}],"wp:featuredmedia":[{"embeddable":true,"href":"https:\/\/b4k.se\/no\/wp-json\/wp\/v2\/media\/43499"}],"wp:attachment":[{"href":"https:\/\/b4k.se\/no\/wp-json\/wp\/v2\/media?parent=43498"}],"wp:term":[{"taxonomy":"product_brand","embeddable":true,"href":"https:\/\/b4k.se\/no\/wp-json\/wp\/v2\/product_brand?post=43498"},{"taxonomy":"product_cat","embeddable":true,"href":"https:\/\/b4k.se\/no\/wp-json\/wp\/v2\/product_cat?post=43498"},{"taxonomy":"product_tag","embeddable":true,"href":"https:\/\/b4k.se\/no\/wp-json\/wp\/v2\/product_tag?post=43498"}],"curies":[{"name":"wp","href":"https:\/\/api.w.org\/{rel}","templated":true}]}}