{"id":43486,"date":"2018-02-20T15:29:36","date_gmt":"2018-02-20T14:29:36","guid":{"rendered":"https:\/\/b4k.se\/product\/zink-polypeptider-peel\/"},"modified":"2026-01-19T13:23:15","modified_gmt":"2026-01-19T12:23:15","slug":"zink-polypeptider-peel","status":"publish","type":"product","link":"https:\/\/b4k.se\/no\/produkt\/zink-polypeptider-peel\/","title":{"rendered":"MEDICALIA Zinc Peptides Peel 120 ml."},"content":{"rendered":"","protected":false},"excerpt":{"rendered":"<p>Denna peeling \u00e4r optimal f\u00f6r behandling av acne och \u00e4rr som uppst\u00e5tt av acneinflammationer i huden.<br \/>\nZinc PCA ger fukt till huden samt reglerar talgproduktionen \u00e4r antioxidant och st\u00e4rker hudens eget immunf\u00f6rsvar, den jobbar tillsammans med Vitamin A f\u00f6r att reparera och l\u00e4ka huden. Tillsammans med ett peptidcomplex best\u00e5ende av Palmitoyl Tetrapeptide-5, Panthenol, Sodium Hyaluronate, and Dunaliella Salina, ett alg extrakt som har antioxidantiva egenskaper, ger denna peeling snabbare l\u00e4kning, \u00f6kad cellf\u00f6rnyelse och anti age egenskaper. Peelingen inneh\u00e5ller \u00e4ven Hexylresorcinol, Glycolic, Phytic, och Lactic Acids.<\/p>\n<p>Perfekt behandling f\u00f6r acne, \u00e4rr, eksem, rosacea, psoriasis, epidermal hyperplasi, fet hud, solskador, hyperpigmentering fina linjer och rynkor. Rekommenderas f\u00f6r hudtyp Glogau I-IV.<\/p>\n","protected":false},"featured_media":43487,"template":"","meta":[],"product_brand":[],"product_cat":[287,295,284,290],"product_tag":[],"class_list":{"0":"post-43486","1":"product","2":"type-product","3":"status-publish","4":"has-post-thumbnail","6":"product_cat-alla-produkter","7":"product_cat-kemiska-peelingar","8":"product_cat-medicalia-2","9":"product_cat-professionella-produkter","11":"first","12":"instock","13":"taxable","14":"shipping-taxable","15":"purchasable","16":"product-type-simple"},"shsp-ext":{"main":{},"variations":[]},"_links":{"self":[{"href":"https:\/\/b4k.se\/no\/wp-json\/wp\/v2\/product\/43486","targetHints":{"allow":["GET"]}}],"collection":[{"href":"https:\/\/b4k.se\/no\/wp-json\/wp\/v2\/product"}],"about":[{"href":"https:\/\/b4k.se\/no\/wp-json\/wp\/v2\/types\/product"}],"wp:featuredmedia":[{"embeddable":true,"href":"https:\/\/b4k.se\/no\/wp-json\/wp\/v2\/media\/43487"}],"wp:attachment":[{"href":"https:\/\/b4k.se\/no\/wp-json\/wp\/v2\/media?parent=43486"}],"wp:term":[{"taxonomy":"product_brand","embeddable":true,"href":"https:\/\/b4k.se\/no\/wp-json\/wp\/v2\/product_brand?post=43486"},{"taxonomy":"product_cat","embeddable":true,"href":"https:\/\/b4k.se\/no\/wp-json\/wp\/v2\/product_cat?post=43486"},{"taxonomy":"product_tag","embeddable":true,"href":"https:\/\/b4k.se\/no\/wp-json\/wp\/v2\/product_tag?post=43486"}],"curies":[{"name":"wp","href":"https:\/\/api.w.org\/{rel}","templated":true}]}}