{"id":43483,"date":"2018-02-20T15:29:00","date_gmt":"2018-02-20T14:29:00","guid":{"rendered":"https:\/\/b4k.se\/product\/phytic-acid-acto-zyme-peel\/"},"modified":"2026-03-27T12:21:16","modified_gmt":"2026-03-27T11:21:16","slug":"phytic-acid-acto-zyme-peel","status":"publish","type":"product","link":"https:\/\/b4k.se\/no\/produkt\/phytic-acid-acto-zyme-peel\/","title":{"rendered":"Phytic Acid &amp; Actizyme Peel"},"content":{"rendered":"","protected":false},"excerpt":{"rendered":"<p>Denna peeling formula kombinerar en blandning av olika aktiva ingredienser som ger en progressive och korrekt exfoliering och en blekande effekt.<br \/>\nPhytic Acid, vilket utvinns ur ris, \u00e4r k\u00e4nt f\u00f6r dess verksamma effekter p\u00e5 huden: dels den keratolytiska effekten som exfolierar och reducerar hyperplasi samt \u00e4ven reducering av hyperkerastos runt h\u00e5rs\u00e4cks\u00f6ppningen. Phytic acid stimulerar \u00e4ven hudens cellf\u00f6rnyelse och har en blekande effekt vilken minskar syntesen och ackumeleringen av melanin i epidemis., Acto- ZymeTM, \u00e4r en enzyme och en naturlig peeling ingrediens f\u00f6r ytlig peeling. Den motverkar f\u00f6rtjockning av hornlagret och i kombination med Glycolic och Lactic Acids exfolierar och bleker den huden.<\/p>\n<p>Denna peeling \u00e4r utm\u00e4rkt f\u00f6r hud med grov struktur, acne, fet hud, solskadad hud, hyperpigmenterad hud fina linjer och rynkor.<\/p>\n<p>Rekommenderas till hudtyp Glogau I-IV.<\/p>\n","protected":false},"featured_media":43485,"template":"","meta":[],"product_brand":[],"product_cat":[287,295,284,290],"product_tag":[],"class_list":{"0":"post-43483","1":"product","2":"type-product","3":"status-publish","4":"has-post-thumbnail","6":"product_cat-alla-produkter","7":"product_cat-kemiska-peelingar","8":"product_cat-medicalia-2","9":"product_cat-professionella-produkter","11":"first","12":"instock","13":"taxable","14":"shipping-taxable","15":"purchasable","16":"product-type-simple"},"shsp-ext":{"main":{},"variations":[]},"_links":{"self":[{"href":"https:\/\/b4k.se\/no\/wp-json\/wp\/v2\/product\/43483","targetHints":{"allow":["GET"]}}],"collection":[{"href":"https:\/\/b4k.se\/no\/wp-json\/wp\/v2\/product"}],"about":[{"href":"https:\/\/b4k.se\/no\/wp-json\/wp\/v2\/types\/product"}],"wp:featuredmedia":[{"embeddable":true,"href":"https:\/\/b4k.se\/no\/wp-json\/wp\/v2\/media\/43485"}],"wp:attachment":[{"href":"https:\/\/b4k.se\/no\/wp-json\/wp\/v2\/media?parent=43483"}],"wp:term":[{"taxonomy":"product_brand","embeddable":true,"href":"https:\/\/b4k.se\/no\/wp-json\/wp\/v2\/product_brand?post=43483"},{"taxonomy":"product_cat","embeddable":true,"href":"https:\/\/b4k.se\/no\/wp-json\/wp\/v2\/product_cat?post=43483"},{"taxonomy":"product_tag","embeddable":true,"href":"https:\/\/b4k.se\/no\/wp-json\/wp\/v2\/product_tag?post=43483"}],"curies":[{"name":"wp","href":"https:\/\/api.w.org\/{rel}","templated":true}]}}