{"id":43479,"date":"2018-02-20T15:26:25","date_gmt":"2018-02-20T14:26:25","guid":{"rendered":"https:\/\/b4k.se\/product\/retinol-hexylresorcinolm-peel\/"},"modified":"2026-01-19T13:18:50","modified_gmt":"2026-01-19T12:18:50","slug":"retinol-hexylresorcinolm-peel","status":"publish","type":"product","link":"https:\/\/b4k.se\/no\/produkt\/retinol-hexylresorcinolm-peel\/","title":{"rendered":"MEDICALIA Retinol och Hexylresorcinol Peel 120 ml"},"content":{"rendered":"","protected":false},"excerpt":{"rendered":"<p>En mycket kraftfull peelingformula f\u00f6r behandling av avancerade \u00e5ldringstecken p\u00e5 huden. Peelingen inneh\u00e5ller en av de mest k\u00e4nda ingredienserna f\u00f6r att behandla hudens \u00e5ldrande; Retinol som \u00e4r ett derivat av retinyl palmitat (Vitamin A), denna ingrediens hj\u00e4lper till att \u00f6ka den epidermala cellaktiviteten och samtidigt \u00f6kas fuktighetsniv\u00e5n i huden vilket resulterar i reparation och omstrukturering i de djupare hudlagren.<br \/>\nHexylresorcinol kommer fr\u00e5n r\u00e5g (spannm\u00e5l) och har en antiseptisk och bed\u00f6vande verkan, vilket g\u00f6r att kunden upplever mindre obehag under behandling. Nyligen framkomna forskningsresultat har visat att att dessa ingredienser \u00f6kar tyrosinase och \u00e4r upp till fyra g\u00e5nger mer effektiv \u00e4n hydroquinone n\u00e4r det g\u00e4ller att bleka huden (pigmentering) och motverka pigmentering och ge en j\u00e4mnare hudton. I synergi med Glycolic acid, phytic acid och lactic acid ger denna peeling snabbt f\u00f6ryngrande effekt.<\/p>\n<p>Passar den mogna huden i behov av behandling av f\u00f6rs\u00e4mrad elasticitet, hyperpigmentering, melasma, \u00e4rr, solskador och de i behov av en f\u00f6rb\u00e4ttrad struktur.<\/p>\n<p>Rekommenderas till hudtyp Glogau IV.<\/p>\n","protected":false},"featured_media":43480,"template":"","meta":[],"product_brand":[],"product_cat":[287,295,284,290],"product_tag":[],"class_list":{"0":"post-43479","1":"product","2":"type-product","3":"status-publish","4":"has-post-thumbnail","6":"product_cat-alla-produkter","7":"product_cat-kemiska-peelingar","8":"product_cat-medicalia-2","9":"product_cat-professionella-produkter","11":"first","12":"instock","13":"taxable","14":"shipping-taxable","15":"purchasable","16":"product-type-simple"},"shsp-ext":{"main":{},"variations":[]},"_links":{"self":[{"href":"https:\/\/b4k.se\/no\/wp-json\/wp\/v2\/product\/43479","targetHints":{"allow":["GET"]}}],"collection":[{"href":"https:\/\/b4k.se\/no\/wp-json\/wp\/v2\/product"}],"about":[{"href":"https:\/\/b4k.se\/no\/wp-json\/wp\/v2\/types\/product"}],"wp:featuredmedia":[{"embeddable":true,"href":"https:\/\/b4k.se\/no\/wp-json\/wp\/v2\/media\/43480"}],"wp:attachment":[{"href":"https:\/\/b4k.se\/no\/wp-json\/wp\/v2\/media?parent=43479"}],"wp:term":[{"taxonomy":"product_brand","embeddable":true,"href":"https:\/\/b4k.se\/no\/wp-json\/wp\/v2\/product_brand?post=43479"},{"taxonomy":"product_cat","embeddable":true,"href":"https:\/\/b4k.se\/no\/wp-json\/wp\/v2\/product_cat?post=43479"},{"taxonomy":"product_tag","embeddable":true,"href":"https:\/\/b4k.se\/no\/wp-json\/wp\/v2\/product_tag?post=43479"}],"curies":[{"name":"wp","href":"https:\/\/api.w.org\/{rel}","templated":true}]}}