{"id":43475,"date":"2018-02-20T16:57:10","date_gmt":"2018-02-20T15:57:10","guid":{"rendered":"https:\/\/b4k.se\/product\/hydro-firm-body-moisturizer\/"},"modified":"2026-03-23T13:47:45","modified_gmt":"2026-03-23T12:47:45","slug":"hydro-firm-body-moisturizer","status":"publish","type":"product","link":"https:\/\/b4k.se\/no\/produkt\/hydro-firm-body-moisturizer\/","title":{"rendered":"Hydro-Firm Body Moisturizer"},"content":{"rendered":"<ul>\n<li>Formulan \u00e4r mycket reparerande, dess synergistiska blandning av fuktbindande ingredienser \u00e5terst\u00e4ller den naturliga \u00e5terfuktningen.<\/li>\n<li>Palmitoyl-tetrapeptid-7 och elastinpeptider kombineras f\u00f6r att ge kraftfulla \u00e5ldersf\u00f6rebyggande och uppstramande effekter.<\/li>\n<li>Rekommenderas f\u00f6r daglig anv\u00e4ndning.<\/li>\n<li>Idealisk f\u00f6r \u00e5ldrad hud, solskador och torr hud med elastos.<\/li>\n<\/ul>\n","protected":false},"excerpt":{"rendered":"<p>Denna ultra-\u00e5terfuktande formula fyller p\u00e5 med viktiga fuktighetsbevarande \u00e4mnen och aminosyror som finns naturligt i huden. Den \u00e4r oljig med en l\u00e4tt textur och mjukar upp torr, fj\u00e4llande hud samt fr\u00e4mjar en enkel applicering och snabb absorption.<\/p>\n<p>Rekommenderas f\u00f6r daglig anv\u00e4ndning.<\/p>\n","protected":false},"featured_media":43476,"template":"","meta":[],"product_brand":[],"product_cat":[287,288,284,285],"product_tag":[],"class_list":{"0":"post-43475","1":"product","2":"type-product","3":"status-publish","4":"has-post-thumbnail","6":"product_cat-alla-produkter","7":"product_cat-medi-heal-body-body-line","8":"product_cat-medicalia-2","9":"product_cat-retail-produkter","11":"first","12":"instock","13":"taxable","14":"shipping-taxable","15":"purchasable","16":"product-type-simple"},"shsp-ext":{"main":{},"variations":[]},"_links":{"self":[{"href":"https:\/\/b4k.se\/no\/wp-json\/wp\/v2\/product\/43475","targetHints":{"allow":["GET"]}}],"collection":[{"href":"https:\/\/b4k.se\/no\/wp-json\/wp\/v2\/product"}],"about":[{"href":"https:\/\/b4k.se\/no\/wp-json\/wp\/v2\/types\/product"}],"wp:featuredmedia":[{"embeddable":true,"href":"https:\/\/b4k.se\/no\/wp-json\/wp\/v2\/media\/43476"}],"wp:attachment":[{"href":"https:\/\/b4k.se\/no\/wp-json\/wp\/v2\/media?parent=43475"}],"wp:term":[{"taxonomy":"product_brand","embeddable":true,"href":"https:\/\/b4k.se\/no\/wp-json\/wp\/v2\/product_brand?post=43475"},{"taxonomy":"product_cat","embeddable":true,"href":"https:\/\/b4k.se\/no\/wp-json\/wp\/v2\/product_cat?post=43475"},{"taxonomy":"product_tag","embeddable":true,"href":"https:\/\/b4k.se\/no\/wp-json\/wp\/v2\/product_tag?post=43475"}],"curies":[{"name":"wp","href":"https:\/\/api.w.org\/{rel}","templated":true}]}}