{"id":43474,"date":"2018-02-20T16:49:54","date_gmt":"2018-02-20T15:49:54","guid":{"rendered":"https:\/\/b4k.se\/product\/post-operative-care-cream\/"},"modified":"2026-04-19T19:59:14","modified_gmt":"2026-04-19T17:59:14","slug":"post-operative-care-cream","status":"publish","type":"product","link":"https:\/\/b4k.se\/no\/produkt\/post-operative-care-cream\/","title":{"rendered":"Post-Operative Care Cream"},"content":{"rendered":"<ul>\n<li>En banbrytande kr\u00e4m som f\u00f6rb\u00e4ttrar hudens \u00e5terh\u00e4mtning och djupl\u00e4kning.<\/li>\n<li>Rik p\u00e5 kollagen och elastinpeptider, f\u00f6rb\u00e4ttrar och f\u00f6rkortar d\u00e4rmed l\u00e4kningsprocessen genom att \u00f6ka hudens flexibilitet och minimera \u00e4rrbildning.<\/li>\n<li>Minskar sm\u00e4rta och obehag samtidigt som hudtonen och strukturen blir smidig och rik.<\/li>\n<li>Rekommenderas f\u00f6r k\u00e4nslig hud samt efter de flesta medicinska\/kirurgiska ingreppen, inklusive efter: syrabehandling, laserf\u00f6ryngring, dermabrasion, ansiktslyft, \u00f6gonlocksoperation, n\u00e4skirurgi och bukplastik.<\/li>\n<\/ul>\n","protected":false},"excerpt":{"rendered":"<p>En 24 timmars-creme som f\u00f6rb\u00e4ttrar l\u00e4kningsprocessen i huden och minskar \u00e4rrbildning. Denna creme passar alla som har en hud i kraftig obalans, efter kemiska peelingar, efter kraftfulla laserbehandlingar och till alla som beh\u00f6ver bygga upp och st\u00e4rka huden.<\/p>\n<p>Dess anm\u00e4rkningsv\u00e4rda rehabiliterande f\u00f6rdelar fr\u00e4mjar s\u00e5rl\u00e4kning, minskar s\u00e5rsp\u00e4nning och keloidbildning f\u00f6r en snabbare och mer h\u00e4lsosam \u00e5terh\u00e4mtning.<\/p>\n","protected":false},"featured_media":42996,"template":"","meta":[],"product_brand":[],"product_cat":[287,289,284,285],"product_tag":[],"class_list":{"0":"post-43474","1":"product","2":"type-product","3":"status-publish","4":"has-post-thumbnail","6":"product_cat-alla-produkter","7":"product_cat-medi-heal-face-pre-post-operative-line","8":"product_cat-medicalia-2","9":"product_cat-retail-produkter","11":"first","12":"instock","13":"taxable","14":"shipping-taxable","15":"purchasable","16":"product-type-simple"},"shsp-ext":{"main":{},"variations":[]},"_links":{"self":[{"href":"https:\/\/b4k.se\/no\/wp-json\/wp\/v2\/product\/43474","targetHints":{"allow":["GET"]}}],"collection":[{"href":"https:\/\/b4k.se\/no\/wp-json\/wp\/v2\/product"}],"about":[{"href":"https:\/\/b4k.se\/no\/wp-json\/wp\/v2\/types\/product"}],"wp:featuredmedia":[{"embeddable":true,"href":"https:\/\/b4k.se\/no\/wp-json\/wp\/v2\/media\/42996"}],"wp:attachment":[{"href":"https:\/\/b4k.se\/no\/wp-json\/wp\/v2\/media?parent=43474"}],"wp:term":[{"taxonomy":"product_brand","embeddable":true,"href":"https:\/\/b4k.se\/no\/wp-json\/wp\/v2\/product_brand?post=43474"},{"taxonomy":"product_cat","embeddable":true,"href":"https:\/\/b4k.se\/no\/wp-json\/wp\/v2\/product_cat?post=43474"},{"taxonomy":"product_tag","embeddable":true,"href":"https:\/\/b4k.se\/no\/wp-json\/wp\/v2\/product_tag?post=43474"}],"curies":[{"name":"wp","href":"https:\/\/api.w.org\/{rel}","templated":true}]}}