{"id":43472,"date":"2018-02-20T16:47:17","date_gmt":"2018-02-20T15:47:17","guid":{"rendered":"https:\/\/b4k.se\/product\/lightening-cream\/"},"modified":"2026-03-23T14:04:14","modified_gmt":"2026-03-23T13:04:14","slug":"lightening-cream","status":"publish","type":"product","link":"https:\/\/b4k.se\/no\/produkt\/lightening-cream\/","title":{"rendered":"Lightening Cream"},"content":{"rendered":"<ul>\n<li>Med en unik blandning av tyrosinh\u00e4mmare ger denna kr\u00e4m en inverkan av anti-fria radikala \u00e4mnen och inflammationsreducerande egenskaper.<\/li>\n<li>Inneh\u00e5llet av hexylresorcinol, tranexaminsyra, C-vitamin och mikrosf\u00e4rer inb\u00e4ddade med Undaria Pinnatifida-peptider ger denna mycket aktiva kr\u00e4m en bevisad effektiv h\u00e4mning av melanogenesis, f\u00f6r att direkt punktbehandla hyperpigmentering och ge ett synlig ljusare resultat.<\/li>\n<li>Idealisk att anv\u00e4nda efter valfri uppljusande behandling.<\/li>\n<li>Rekommenderas f\u00f6r nattlig anv\u00e4ndning p\u00e5 en hyperpigmenterad hud.<\/li>\n<\/ul>\n","protected":false},"excerpt":{"rendered":"<p>Med en unik blandning av tyrosinash\u00e4mmande ingredienser p\u00e5verkar denna kr\u00e4m fria radikaler och inflammationsreducerande egenskaper. Inneh\u00e5ller bland annat hexylresorcinol, tranexaminsyra, vitamin C och Undaria Pinnatifida-peptider - en alg som har kraftigt blekande verkan.<\/p>\n<p>Denna creme minskar pigmentering och rekommenderas f\u00f6r nattlig anv\u00e4ndning p\u00e5 hyperpigmenterad hud.<\/p>\n","protected":false},"featured_media":43473,"template":"","meta":[],"product_brand":[],"product_cat":[287,286,284,285],"product_tag":[],"class_list":{"0":"post-43472","1":"product","2":"type-product","3":"status-publish","4":"has-post-thumbnail","6":"product_cat-alla-produkter","7":"product_cat-medi-refine-protect-perfecting-line","8":"product_cat-medicalia-2","9":"product_cat-retail-produkter","11":"first","12":"instock","13":"taxable","14":"shipping-taxable","15":"purchasable","16":"product-type-simple"},"shsp-ext":{"main":{},"variations":[]},"_links":{"self":[{"href":"https:\/\/b4k.se\/no\/wp-json\/wp\/v2\/product\/43472","targetHints":{"allow":["GET"]}}],"collection":[{"href":"https:\/\/b4k.se\/no\/wp-json\/wp\/v2\/product"}],"about":[{"href":"https:\/\/b4k.se\/no\/wp-json\/wp\/v2\/types\/product"}],"wp:featuredmedia":[{"embeddable":true,"href":"https:\/\/b4k.se\/no\/wp-json\/wp\/v2\/media\/43473"}],"wp:attachment":[{"href":"https:\/\/b4k.se\/no\/wp-json\/wp\/v2\/media?parent=43472"}],"wp:term":[{"taxonomy":"product_brand","embeddable":true,"href":"https:\/\/b4k.se\/no\/wp-json\/wp\/v2\/product_brand?post=43472"},{"taxonomy":"product_cat","embeddable":true,"href":"https:\/\/b4k.se\/no\/wp-json\/wp\/v2\/product_cat?post=43472"},{"taxonomy":"product_tag","embeddable":true,"href":"https:\/\/b4k.se\/no\/wp-json\/wp\/v2\/product_tag?post=43472"}],"curies":[{"name":"wp","href":"https:\/\/api.w.org\/{rel}","templated":true}]}}