{"id":43455,"date":"2018-02-20T16:31:12","date_gmt":"2018-02-20T15:31:12","guid":{"rendered":"https:\/\/b4k.se\/product\/clarifying-cleanser\/"},"modified":"2026-04-09T14:19:48","modified_gmt":"2026-04-09T12:19:48","slug":"clarifying-cleanser","status":"publish","type":"product","link":"https:\/\/b4k.se\/no\/produkt\/clarifying-cleanser\/","title":{"rendered":"Clarifying Cleanser"},"content":{"rendered":"<ul>\n<li>Med en balanserad blandning av mj\u00f6lksyra och salicylsyra erbjuder detta reng\u00f6ringsmedel antiseptiska och keratolytiska f\u00f6rdelar till oren hud.<\/li>\n<li>Mycket effektiv samtidigt som den inte skapar irritation.<\/li>\n<li>Det kraftfulla l\u00f6ddret arbetar snabbt med att eliminera gifter, f\u00f6roreningar, ytbakterier och smink.<\/li>\n<li>Avl\u00e4gsnar \u00e4ven keratinuppbyggnad i epidermis och bek\u00e4mpar inflammation f\u00f6r en frisk hud.<\/li>\n<li>Rekommenderas f\u00f6r inflammerad aknehud och follikul\u00e4ra st\u00f6rningar, hyperkeratos, seborroisk dermatit och k\u00e4nslig fet hud.<br \/>\n\u00c4ven rekommenderad f\u00f6r oren\/utbrottsben\u00e4gen hud.<\/li>\n<\/ul>\n","protected":false},"excerpt":{"rendered":"<p>I en v\u00e4l avv\u00e4gd mix av mj\u00f6lksyra och salicylsyra ger denna gelbaserade och l\u00e4tt skummande reng\u00f6rings gel en antiseptisk och keratolytisk effect.<br \/>\nEn effektiv reng\u00f6ring som l\u00f6ser upp orenheter, bakterier och make-up men utan att irritera huden. Den l\u00f6ser \u00e4ven upp bel\u00e4ggning och motverkar inflammation.<\/p>\n<p>Passar de med inflammerad acne, hyperkerastos, sebboreisk eksem och fet hy som \u00e4ven \u00e4r reaktiv. Passar \u00e4ven de som l\u00e4tt utvecklar obalans i huden.<\/p>\n","protected":false},"featured_media":43456,"template":"","meta":[],"product_brand":[],"product_cat":[287,293,284,285],"product_tag":[],"class_list":{"0":"post-43455","1":"product","2":"type-product","3":"status-publish","4":"has-post-thumbnail","6":"product_cat-alla-produkter","7":"product_cat-medi-clear-purifying-line","8":"product_cat-medicalia-2","9":"product_cat-retail-produkter","11":"first","12":"instock","13":"taxable","14":"shipping-taxable","15":"purchasable","16":"product-type-simple"},"shsp-ext":{"main":{},"variations":[]},"_links":{"self":[{"href":"https:\/\/b4k.se\/no\/wp-json\/wp\/v2\/product\/43455","targetHints":{"allow":["GET"]}}],"collection":[{"href":"https:\/\/b4k.se\/no\/wp-json\/wp\/v2\/product"}],"about":[{"href":"https:\/\/b4k.se\/no\/wp-json\/wp\/v2\/types\/product"}],"wp:featuredmedia":[{"embeddable":true,"href":"https:\/\/b4k.se\/no\/wp-json\/wp\/v2\/media\/43456"}],"wp:attachment":[{"href":"https:\/\/b4k.se\/no\/wp-json\/wp\/v2\/media?parent=43455"}],"wp:term":[{"taxonomy":"product_brand","embeddable":true,"href":"https:\/\/b4k.se\/no\/wp-json\/wp\/v2\/product_brand?post=43455"},{"taxonomy":"product_cat","embeddable":true,"href":"https:\/\/b4k.se\/no\/wp-json\/wp\/v2\/product_cat?post=43455"},{"taxonomy":"product_tag","embeddable":true,"href":"https:\/\/b4k.se\/no\/wp-json\/wp\/v2\/product_tag?post=43455"}],"curies":[{"name":"wp","href":"https:\/\/api.w.org\/{rel}","templated":true}]}}