{"id":43451,"date":"2018-05-20T11:03:44","date_gmt":"2018-05-20T09:03:44","guid":{"rendered":"https:\/\/b4k.se\/?post_type=product&#038;p=43451"},"modified":"2026-01-19T12:00:42","modified_gmt":"2026-01-19T11:00:42","slug":"gentle-cleanser","status":"publish","type":"product","link":"https:\/\/b4k.se\/no\/produkt\/gentle-cleanser\/","title":{"rendered":"Gentle Cleanser"},"content":{"rendered":"<ul>\n<li>Professionell storlek till behandling. 500 ml - Kommer med pump f\u00f6r l\u00e4ttare anv\u00e4ndning.<\/li>\n<li>En unik naturlig blandning av lugnande gr\u00f6nt te, kamomill och havreaminosyror reng\u00f6r noggrant och f\u00f6rsiktigt samtidigt som hudbarri\u00e4ren bevaras och inflammationssymptom reduceras.<\/li>\n<li>Sk\u00f6ljs enkelt av utan att l\u00e4mna kvar rester.<\/li>\n<li>Rekommenderas f\u00f6r alla hudtyper men \u00e4r idealisk f\u00f6r torr, k\u00e4nslig och \u00f6verk\u00e4nslig hud med mikrocirkulationsproblem: couperose, erythrose och rosacea.<\/li>\n<li>S\u00e4ker att anv\u00e4nda innan och efter medicinska kosmetiska behandlingar.<\/li>\n<\/ul>\n","protected":false},"excerpt":{"rendered":"<p><strong>Professionell storlek till behandling. 500 ml - Kommer med pump f\u00f6r l\u00e4ttare anv\u00e4ndning.<\/strong> Mer om Gentle Cleanser: En unik naturlig formula med lugnande ingredienser fr\u00e5n gr\u00f6nt te, kamomill, och aminosyror fr\u00e5n havre. Produkten reng\u00f6r noggrant och f\u00f6rsiktigt utan att st\u00f6ra hudbarri\u00e4ren. Den minskar symptom av inflammation i huden och d\u00e4mpar rodnad. Sk\u00f6ljs av med vatten utan att l\u00e4mna en hinna p\u00e5 huden. Passar alla hudtyper och \u00e4r idealisk f\u00f6r de som upplever problem med torrhet, rodnader och rosacea. Gentle cleanser anv\u00e4nds alltid f\u00f6re, under och efter en kur av kemisk peeling f\u00f6r att lugna, reparera och st\u00e4rka hudens barri\u00e4r.<\/p>\n","protected":false},"featured_media":43452,"template":"","meta":[],"product_brand":[280],"product_cat":[287,284,291,290],"product_tag":[],"class_list":{"0":"post-43451","1":"product","2":"type-product","3":"status-publish","4":"has-post-thumbnail","6":"product_brand-medicalia","7":"product_cat-alla-produkter","8":"product_cat-medicalia-2","9":"product_cat-ovriga-produkter","10":"product_cat-professionella-produkter","12":"first","13":"instock","14":"taxable","15":"shipping-taxable","16":"purchasable","17":"product-type-simple"},"shsp-ext":{"main":{},"variations":[]},"_links":{"self":[{"href":"https:\/\/b4k.se\/no\/wp-json\/wp\/v2\/product\/43451","targetHints":{"allow":["GET"]}}],"collection":[{"href":"https:\/\/b4k.se\/no\/wp-json\/wp\/v2\/product"}],"about":[{"href":"https:\/\/b4k.se\/no\/wp-json\/wp\/v2\/types\/product"}],"wp:featuredmedia":[{"embeddable":true,"href":"https:\/\/b4k.se\/no\/wp-json\/wp\/v2\/media\/43452"}],"wp:attachment":[{"href":"https:\/\/b4k.se\/no\/wp-json\/wp\/v2\/media?parent=43451"}],"wp:term":[{"taxonomy":"product_brand","embeddable":true,"href":"https:\/\/b4k.se\/no\/wp-json\/wp\/v2\/product_brand?post=43451"},{"taxonomy":"product_cat","embeddable":true,"href":"https:\/\/b4k.se\/no\/wp-json\/wp\/v2\/product_cat?post=43451"},{"taxonomy":"product_tag","embeddable":true,"href":"https:\/\/b4k.se\/no\/wp-json\/wp\/v2\/product_tag?post=43451"}],"curies":[{"name":"wp","href":"https:\/\/api.w.org\/{rel}","templated":true}]}}