{"id":43449,"date":"2018-05-20T11:04:31","date_gmt":"2018-05-20T09:04:31","guid":{"rendered":"https:\/\/b4k.se\/?post_type=product&#038;p=43449"},"modified":"2026-01-19T11:59:42","modified_gmt":"2026-01-19T10:59:42","slug":"gentle-toner","status":"publish","type":"product","link":"https:\/\/b4k.se\/no\/produkt\/gentle-toner\/","title":{"rendered":"Gentle Toner"},"content":{"rendered":"<ul>\n<li>Gentle Toner i professionell storlek. 500 ml. - Kommer med pump f\u00f6r l\u00e4ttare anv\u00e4ndning.<\/li>\n<li>Denna alkoholfria naturliga toner \u00e4r rik p\u00e5 lugnande \u00e4mnen och d\u00e4rmed en v\u00e4sentlig del av reng\u00f6ringsrutinen samt ett viktigt steg f\u00f6r att f\u00f6rbereda huden f\u00f6r vidare behandling.<\/li>\n<li>Skingrar erytem och uppmuntrar snabb l\u00e4kning samtidigt som absorptionen av aktiva \u00e4mnen f\u00f6rb\u00e4ttras.<\/li>\n<li>L\u00e4mplig f\u00f6r alla hudtyper, s\u00e4rskilt k\u00e4nsliga och de med mikrocirkulationsproblem: couperos, erythrose och rosacea.<\/li>\n<li>S\u00e4ker att anv\u00e4nda f\u00f6r b\u00e5de pre- och postoperativ anv\u00e4ndning.<\/li>\n<\/ul>\n<p>&nbsp;<\/p>\n","protected":false},"excerpt":{"rendered":"<p><strong>Gentle Toner i professionell storlek. 500 ml. - Kommer med pump f\u00f6r l\u00e4ttare anv\u00e4ndning.<\/strong> Mer om Gentle Toner: Det h\u00e4r \u00e4r ett alkoholfritt ansiktsvatten som inneh\u00e5ller lugnande ingredienser. Gentle Toner \u00e4r ett viktigt steg i hudv\u00e5rdsrutinen f\u00f6r att f\u00f6rbereda huden inf\u00f6r efterkommande steg. Den balanserar hudens pH-v\u00e4rde och tillf\u00f6r maximal med fuktighet till huden. Gentle Toner d\u00e4mpar \u00e4ven rodnad och stimulerar l\u00e4kningsprocessen. Passar alla hudtyper och \u00e4r idealisk f\u00f6r de som upplever problem med torrhet, rodnader och rosacea. Gentle Toner anv\u00e4nds alltid f\u00f6re, under och efter en kur av kemisk peeling f\u00f6r att lugna, reparera och st\u00e4rka hudens barri\u00e4r.<\/p>\n","protected":false},"featured_media":43450,"template":"","meta":[],"product_brand":[280],"product_cat":[287,284,291,290],"product_tag":[],"class_list":{"0":"post-43449","1":"product","2":"type-product","3":"status-publish","4":"has-post-thumbnail","6":"product_brand-medicalia","7":"product_cat-alla-produkter","8":"product_cat-medicalia-2","9":"product_cat-ovriga-produkter","10":"product_cat-professionella-produkter","12":"first","13":"instock","14":"taxable","15":"shipping-taxable","16":"purchasable","17":"product-type-simple"},"shsp-ext":{"main":{},"variations":[]},"_links":{"self":[{"href":"https:\/\/b4k.se\/no\/wp-json\/wp\/v2\/product\/43449","targetHints":{"allow":["GET"]}}],"collection":[{"href":"https:\/\/b4k.se\/no\/wp-json\/wp\/v2\/product"}],"about":[{"href":"https:\/\/b4k.se\/no\/wp-json\/wp\/v2\/types\/product"}],"wp:featuredmedia":[{"embeddable":true,"href":"https:\/\/b4k.se\/no\/wp-json\/wp\/v2\/media\/43450"}],"wp:attachment":[{"href":"https:\/\/b4k.se\/no\/wp-json\/wp\/v2\/media?parent=43449"}],"wp:term":[{"taxonomy":"product_brand","embeddable":true,"href":"https:\/\/b4k.se\/no\/wp-json\/wp\/v2\/product_brand?post=43449"},{"taxonomy":"product_cat","embeddable":true,"href":"https:\/\/b4k.se\/no\/wp-json\/wp\/v2\/product_cat?post=43449"},{"taxonomy":"product_tag","embeddable":true,"href":"https:\/\/b4k.se\/no\/wp-json\/wp\/v2\/product_tag?post=43449"}],"curies":[{"name":"wp","href":"https:\/\/api.w.org\/{rel}","templated":true}]}}