{"id":36070,"date":"2020-08-20T14:58:42","date_gmt":"2020-08-20T12:58:42","guid":{"rendered":"https:\/\/b4k.se\/product\/marine-magnesium-500ml\/"},"modified":"2025-03-07T09:18:03","modified_gmt":"2025-03-07T08:18:03","slug":"marine-magnesium-500ml","status":"publish","type":"product","link":"https:\/\/b4k.se\/da\/vare\/marine-magnesium-500ml\/","title":{"rendered":"Marine Magnesium - 500ml"},"content":{"rendered":"<p>Alleviates Tension, Reduces Muscle Cramps, Aches, and Pains.<\/p>\n<p>Superbly crafted, this powerhouse formula contains 100% pure and natural Marine Magnesium concentrate in a light Seawater gel base for immediate and easy absorption upon application. Recommended for all skin types for localized, or full body, massage to de-stress, alleviate tension, relieve muscular pain and decrease aches, fatigue, and discomfort. Ideal for pain relief\/pain management of arthritis and joint inflammation during manicures and pedicures.<\/p>\n<p>KEY INGREDIENTS:<\/p>\n<p>Magnesium Concentrate<br \/>\nSeawater<br \/>\nAcetic Acid<br \/>\nPROPERTIES &amp; BENEFITS:<\/p>\n<p>Alleviates tension<br \/>\nReduces muscular cramps<br \/>\nRemineralizes<br \/>\nDe-stresses<br \/>\nReduces joint discomfort<\/p>\n<p>How to use:<\/p>\n<ol>\n<li>Mist the skin with lukewarm water.<\/li>\n<li>Apply a small quantity of this Marine Magnesium gel to desired areas of the body.<\/li>\n<li>Massage until completely absorbed.<\/li>\n<li>Can also be used for re-mineralizing bath soaks.<\/li>\n<li>Use as needed.<\/li>\n<\/ol>\n<p><strong>Note:\u00a0<\/strong>If a tingling sensation is felt after application, mist the skin with more water.<\/p>\n","protected":false},"excerpt":{"rendered":"<p>Marine Magnesium in professional size. Professional use only.<\/p>\n<p><span style=\"font-weight: 400;\">H\u00e5ndter hud- og muskelsmerter, \u00f8mme muskler, ledsmerter, kramper, smerter, bet\u00e6ndelse, stress, tr\u00e6thed, dehydrering og ru hud! Marine Magnesium mindsker muskelsp\u00e6ndinger og stivhed, mindsker smerte, \u00f8mhed og f\u00f8lsomhed og lindrer ledsmerter.<\/span><\/p>\n<p><span style=\"font-weight: 400;\">Velegnet til alle med kropssmerter, \u00f8mhed, kramper og muskelsp\u00e6ndinger. P\u00e5f\u00f8res lokalt p\u00e5 omr\u00e5de med smerte.<\/span><\/p>\n","protected":false},"featured_media":23108,"template":"","meta":[],"product_brand":[],"product_cat":[198,202,224,182],"product_tag":[],"class_list":{"0":"post-36070","1":"product","2":"type-product","3":"status-publish","4":"has-post-thumbnail","6":"product_cat-pevonia-da","7":"product_cat-professional-da","8":"product_cat-krop-da-2","9":"product_cat-alla-produkter-da","11":"first","12":"instock","13":"taxable","14":"shipping-taxable","15":"purchasable","16":"product-type-simple"},"shsp-ext":{"main":{},"variations":[]},"_links":{"self":[{"href":"https:\/\/b4k.se\/da\/wp-json\/wp\/v2\/product\/36070","targetHints":{"allow":["GET"]}}],"collection":[{"href":"https:\/\/b4k.se\/da\/wp-json\/wp\/v2\/product"}],"about":[{"href":"https:\/\/b4k.se\/da\/wp-json\/wp\/v2\/types\/product"}],"wp:featuredmedia":[{"embeddable":true,"href":"https:\/\/b4k.se\/da\/wp-json\/wp\/v2\/media\/23108"}],"wp:attachment":[{"href":"https:\/\/b4k.se\/da\/wp-json\/wp\/v2\/media?parent=36070"}],"wp:term":[{"taxonomy":"product_brand","embeddable":true,"href":"https:\/\/b4k.se\/da\/wp-json\/wp\/v2\/product_brand?post=36070"},{"taxonomy":"product_cat","embeddable":true,"href":"https:\/\/b4k.se\/da\/wp-json\/wp\/v2\/product_cat?post=36070"},{"taxonomy":"product_tag","embeddable":true,"href":"https:\/\/b4k.se\/da\/wp-json\/wp\/v2\/product_tag?post=36070"}],"curies":[{"name":"wp","href":"https:\/\/api.w.org\/{rel}","templated":true}]}}