{"id":35472,"date":"2018-12-13T11:57:23","date_gmt":"2018-12-13T10:57:23","guid":{"rendered":"https:\/\/b4k.se\/product\/anti-stress-bath-shower-gel-150ml\/"},"modified":"2025-01-09T09:21:06","modified_gmt":"2025-01-09T08:21:06","slug":"anti-stress-bath-shower-gel-150ml","status":"publish","type":"product","link":"https:\/\/b4k.se\/da\/vare\/anti-stress-bath-shower-gel-150ml\/","title":{"rendered":"Anti-stress Bath &#038; Shower gel - 150ml"},"content":{"rendered":"<p><strong>How to use:<\/strong><\/p>\n<p><strong>For bath:<\/strong>\u00a0pour a small quantity under running water (water temperature should not exceed 98\u00b0F\/37\u00b0C). Relax for 10 minutes.<\/p>\n<p><strong>For shower:<\/strong>\u00a0pour the Gel on a damp washcloth or a damp sponge.<\/p>\n","protected":false},"excerpt":{"rendered":"<p>Kobl af, og g\u00f8r dit karbad eller brusebad bedre med denne afslappende, sulfatfrie shower gel. Anti-Stress Bath &amp; Shower Gel reng\u00f8r, bl\u00f8dg\u00f8r og fugter huden.<\/p>\n<p>Velegnet til alle hudtyper og personer, der \u00f8nsker en afkoblende shower gel. Kan ogs\u00e5 anvendes som et opfriskende boblebad.<\/p>\n","protected":false},"featured_media":23004,"template":"","meta":[],"product_brand":[],"product_cat":[198,199,222,221,182],"product_tag":[],"class_list":{"0":"post-35472","1":"product","2":"type-product","3":"status-publish","4":"has-post-thumbnail","6":"product_cat-pevonia-da","7":"product_cat-retail-da","8":"product_cat-krop-da","9":"product_cat-body-line-da","10":"product_cat-alla-produkter-da","12":"first","13":"instock","14":"taxable","15":"shipping-taxable","16":"purchasable","17":"product-type-simple"},"shsp-ext":{"main":{},"variations":[]},"_links":{"self":[{"href":"https:\/\/b4k.se\/da\/wp-json\/wp\/v2\/product\/35472","targetHints":{"allow":["GET"]}}],"collection":[{"href":"https:\/\/b4k.se\/da\/wp-json\/wp\/v2\/product"}],"about":[{"href":"https:\/\/b4k.se\/da\/wp-json\/wp\/v2\/types\/product"}],"wp:featuredmedia":[{"embeddable":true,"href":"https:\/\/b4k.se\/da\/wp-json\/wp\/v2\/media\/23004"}],"wp:attachment":[{"href":"https:\/\/b4k.se\/da\/wp-json\/wp\/v2\/media?parent=35472"}],"wp:term":[{"taxonomy":"product_brand","embeddable":true,"href":"https:\/\/b4k.se\/da\/wp-json\/wp\/v2\/product_brand?post=35472"},{"taxonomy":"product_cat","embeddable":true,"href":"https:\/\/b4k.se\/da\/wp-json\/wp\/v2\/product_cat?post=35472"},{"taxonomy":"product_tag","embeddable":true,"href":"https:\/\/b4k.se\/da\/wp-json\/wp\/v2\/product_tag?post=35472"}],"curies":[{"name":"wp","href":"https:\/\/api.w.org\/{rel}","templated":true}]}}