{"id":35470,"date":"2018-12-13T11:52:55","date_gmt":"2018-12-13T10:52:55","guid":{"rendered":"https:\/\/b4k.se\/product\/preserve-body-moisturizer-150ml\/"},"modified":"2025-01-31T12:19:43","modified_gmt":"2025-01-31T11:19:43","slug":"preserve-body-moisturizer-150ml","status":"publish","type":"product","link":"https:\/\/b4k.se\/da\/vare\/preserve-body-moisturizer-150ml\/","title":{"rendered":"Preserve Body Moisturizer - 150ml"},"content":{"rendered":"<p><strong>How to use:<\/strong><\/p>\n<ol>\n<li>Apply all over your body after shower, bath or at any time.<\/li>\n<li>Massage until absorbed.<\/li>\n<li>Use as needed.<\/li>\n<\/ol>\n","protected":false},"excerpt":{"rendered":"<p>Oprethold hudens fugtighed med denne cremede, lette og hurtigt absorberende fugtighedscreme til kroppen. Preserve Body Moisturizer g\u00f8r huden bl\u00f8d, fugter og giver n\u00e6ring.<\/p>\n<p>Anbefales til alle hudtyper, is\u00e6r t\u00f8r og sk\u00e6llet hud, som foretr\u00e6kker en let og cremet fugtighedscreme, der hurtigt absorberes.<\/p>\n","protected":false},"featured_media":23003,"template":"","meta":[],"product_brand":[],"product_cat":[198,199,222,221,182],"product_tag":[],"class_list":{"0":"post-35470","1":"product","2":"type-product","3":"status-publish","4":"has-post-thumbnail","6":"product_cat-pevonia-da","7":"product_cat-retail-da","8":"product_cat-krop-da","9":"product_cat-body-line-da","10":"product_cat-alla-produkter-da","12":"first","13":"instock","14":"taxable","15":"shipping-taxable","16":"purchasable","17":"product-type-simple"},"shsp-ext":{"main":{},"variations":[]},"_links":{"self":[{"href":"https:\/\/b4k.se\/da\/wp-json\/wp\/v2\/product\/35470","targetHints":{"allow":["GET"]}}],"collection":[{"href":"https:\/\/b4k.se\/da\/wp-json\/wp\/v2\/product"}],"about":[{"href":"https:\/\/b4k.se\/da\/wp-json\/wp\/v2\/types\/product"}],"wp:featuredmedia":[{"embeddable":true,"href":"https:\/\/b4k.se\/da\/wp-json\/wp\/v2\/media\/23003"}],"wp:attachment":[{"href":"https:\/\/b4k.se\/da\/wp-json\/wp\/v2\/media?parent=35470"}],"wp:term":[{"taxonomy":"product_brand","embeddable":true,"href":"https:\/\/b4k.se\/da\/wp-json\/wp\/v2\/product_brand?post=35470"},{"taxonomy":"product_cat","embeddable":true,"href":"https:\/\/b4k.se\/da\/wp-json\/wp\/v2\/product_cat?post=35470"},{"taxonomy":"product_tag","embeddable":true,"href":"https:\/\/b4k.se\/da\/wp-json\/wp\/v2\/product_tag?post=35470"}],"curies":[{"name":"wp","href":"https:\/\/api.w.org\/{rel}","templated":true}]}}