{"id":35468,"date":"2018-12-13T11:48:27","date_gmt":"2018-12-13T10:48:27","guid":{"rendered":"https:\/\/b4k.se\/product\/de-aging-body-balm-papaya-pineapple-150ml\/"},"modified":"2018-12-13T11:48:27","modified_gmt":"2018-12-13T10:48:27","slug":"de-aging-body-balm-papaya-pineapple-150ml","status":"publish","type":"product","link":"https:\/\/b4k.se\/da\/vare\/de-aging-body-balm-papaya-pineapple-150ml\/","title":{"rendered":"De-aging Body Balm Papaya Pineapple - 150ml"},"content":{"rendered":"<p><strong>How to use:<\/strong><\/p>\n<ol>\n<li>Apply this Body Balm all over your body and massage in well.<\/li>\n<li>For best results, use after the De-Aging Saltmousse - Papaya-Pineapple.<\/li>\n<li>Use daily or as desired.<\/li>\n<\/ol>\n","protected":false},"excerpt":{"rendered":"<p><span style=\"font-weight: 400;\">Huden bliver synligt genoprettet og repareret med denne tropisk duftende kropscreme. De-aging Body Balm udglatter fine linjer og rynker, giver en fastere og glattere hud, giver maksimal n\u00e6ring, genopretter og reparerer huden.\u200b<\/span><\/p>\n<p><span style=\"font-weight: 400;\">Velegnet til alle, der \u00f8nsker en federe kropsbalsam med en sk\u00f8n duft, og som vil forhindre tegn p\u00e5 aldring.<\/span><\/p>\n","protected":false},"featured_media":22201,"template":"","meta":[],"product_brand":[],"product_cat":[198,199,222,221,182],"product_tag":[],"class_list":{"0":"post-35468","1":"product","2":"type-product","3":"status-publish","4":"has-post-thumbnail","6":"product_cat-pevonia-da","7":"product_cat-retail-da","8":"product_cat-krop-da","9":"product_cat-body-line-da","10":"product_cat-alla-produkter-da","12":"first","13":"instock","14":"taxable","15":"shipping-taxable","16":"purchasable","17":"product-type-simple"},"shsp-ext":{"main":{},"variations":[]},"_links":{"self":[{"href":"https:\/\/b4k.se\/da\/wp-json\/wp\/v2\/product\/35468","targetHints":{"allow":["GET"]}}],"collection":[{"href":"https:\/\/b4k.se\/da\/wp-json\/wp\/v2\/product"}],"about":[{"href":"https:\/\/b4k.se\/da\/wp-json\/wp\/v2\/types\/product"}],"wp:featuredmedia":[{"embeddable":true,"href":"https:\/\/b4k.se\/da\/wp-json\/wp\/v2\/media\/22201"}],"wp:attachment":[{"href":"https:\/\/b4k.se\/da\/wp-json\/wp\/v2\/media?parent=35468"}],"wp:term":[{"taxonomy":"product_brand","embeddable":true,"href":"https:\/\/b4k.se\/da\/wp-json\/wp\/v2\/product_brand?post=35468"},{"taxonomy":"product_cat","embeddable":true,"href":"https:\/\/b4k.se\/da\/wp-json\/wp\/v2\/product_cat?post=35468"},{"taxonomy":"product_tag","embeddable":true,"href":"https:\/\/b4k.se\/da\/wp-json\/wp\/v2\/product_tag?post=35468"}],"curies":[{"name":"wp","href":"https:\/\/api.w.org\/{rel}","templated":true}]}}