{"id":24838,"date":"2023-01-23T12:23:54","date_gmt":"2023-01-23T11:23:54","guid":{"rendered":"https:\/\/b4k.se\/product\/clear-control-exfoliator-500ml-17oz\/"},"modified":"2025-01-11T18:31:45","modified_gmt":"2025-01-11T17:31:45","slug":"clear-control-exfoliator-500ml-17oz","status":"publish","type":"product","link":"https:\/\/b4k.se\/da\/vare\/clear-control-exfoliator-500ml-17oz\/","title":{"rendered":"Clear-Control Exfoliator - 500 g"},"content":{"rendered":"<p><strong>Anv\u00e4ndning:<\/strong><\/p>\n<p>Applicera en liten m\u00e4ngd av denna Clear-Control Exfoliator \u00f6ver hela ansiktet och halsen p\u00e5 torr hud och massera in den f\u00f6rsiktigt. Arbeta sedan in den med bl\u00f6ta fingertoppar tills det skummar. Sk\u00f6lj av med varmt vatten.<\/p>\n","protected":false},"excerpt":{"rendered":"<p><strong>ProCorrective Clear-Control Exfoliator i salongsf\u00f6rpackning p\u00e5 500 ml.<\/strong><\/p>\n<p>Denna uppfr\u00e4schande ansiktsreng\u00f6ring med exfolierande Jojoba-p\u00e4rlor avl\u00e4gsnar effektivt d\u00f6da hudceller och orenheter. Inneh\u00e5ller bl.a. Kaolinlera f\u00f6r att enkelt ta bort \u00f6verfl\u00f6diga bakterier, olja, smink och smuts.<\/p>\n<p>Passar alla med akne eller tendens till det, finnar och pormaskar. Kan \u00e4ven anv\u00e4ndas p\u00e5 br\u00f6st och rygg.<\/p>\n","protected":false},"featured_media":37179,"template":"","meta":[],"product_brand":[],"product_cat":[202,203,182],"product_tag":[],"class_list":{"0":"post-24838","1":"product","2":"type-product","3":"status-publish","4":"has-post-thumbnail","6":"product_cat-professional-da","7":"product_cat-ansigt-da","8":"product_cat-alla-produkter-da","10":"first","11":"instock","12":"taxable","13":"shipping-taxable","14":"purchasable","15":"product-type-simple"},"shsp-ext":{"main":{},"variations":[]},"_links":{"self":[{"href":"https:\/\/b4k.se\/da\/wp-json\/wp\/v2\/product\/24838","targetHints":{"allow":["GET"]}}],"collection":[{"href":"https:\/\/b4k.se\/da\/wp-json\/wp\/v2\/product"}],"about":[{"href":"https:\/\/b4k.se\/da\/wp-json\/wp\/v2\/types\/product"}],"wp:featuredmedia":[{"embeddable":true,"href":"https:\/\/b4k.se\/da\/wp-json\/wp\/v2\/media\/37179"}],"wp:attachment":[{"href":"https:\/\/b4k.se\/da\/wp-json\/wp\/v2\/media?parent=24838"}],"wp:term":[{"taxonomy":"product_brand","embeddable":true,"href":"https:\/\/b4k.se\/da\/wp-json\/wp\/v2\/product_brand?post=24838"},{"taxonomy":"product_cat","embeddable":true,"href":"https:\/\/b4k.se\/da\/wp-json\/wp\/v2\/product_cat?post=24838"},{"taxonomy":"product_tag","embeddable":true,"href":"https:\/\/b4k.se\/da\/wp-json\/wp\/v2\/product_tag?post=24838"}],"curies":[{"name":"wp","href":"https:\/\/api.w.org\/{rel}","templated":true}]}}