{"id":24836,"date":"2023-01-23T14:04:10","date_gmt":"2023-01-23T13:04:10","guid":{"rendered":"https:\/\/b4k.se\/product\/clear-control-mask-50g-1-7oz\/"},"modified":"2025-01-11T19:17:24","modified_gmt":"2025-01-11T18:17:24","slug":"clear-control-mask-50g-1-7oz","status":"publish","type":"product","link":"https:\/\/b4k.se\/da\/vare\/clear-control-mask-50g-1-7oz\/","title":{"rendered":"Clear- Control Mask - 50 g"},"content":{"rendered":"<p><strong>Anv\u00e4ndning:<\/strong><\/p>\n<p>Anv\u00e4nd en eller tv\u00e5 g\u00e5nger i veckan. Efter reng\u00f6ring med Clear-Control Exfoliator, applicera ett tunt lager av denna Clear-Control Mask p\u00e5 ansikte och hals en liten bit fr\u00e5n \u00f6gonen. L\u00e5t verka i 15 minuter. Sk\u00f6lj av med kallt vatten.<\/p>\n","protected":false},"excerpt":{"rendered":"<p>En unik formulering som ger optimala resultat till akneben\u00e4gen hud. Denna mask \u00e4r mycket antiseptisk och f\u00f6rser huden med Tea Tree-olja och rosmarinextrakt f\u00f6r att effektivt kontrollera bakterietillv\u00e4xten, samt Niacinamid f\u00f6r att st\u00f6dja bortf\u00f6rsel av toxiner genom f\u00f6rb\u00e4ttrad cirkulation och syres\u00e4ttning.<\/p>\n<p>Passar alla med akne och akneben\u00e4gna hudtyper med finnar och pormaskar. Kan \u00e4ven anv\u00e4ndas under professionella behandlingar.<\/p>\n","protected":false},"featured_media":24821,"template":"","meta":[],"product_brand":[],"product_cat":[198,199,200,201,182],"product_tag":[],"class_list":{"0":"post-24836","1":"product","2":"type-product","3":"status-publish","4":"has-post-thumbnail","6":"product_cat-pevonia-da","7":"product_cat-retail-da","8":"product_cat-essential-da","9":"product_cat-procorrective-clear-control-line","10":"product_cat-alla-produkter-da","12":"first","13":"instock","14":"taxable","15":"shipping-taxable","16":"purchasable","17":"product-type-simple"},"shsp-ext":{"main":{},"variations":[]},"_links":{"self":[{"href":"https:\/\/b4k.se\/da\/wp-json\/wp\/v2\/product\/24836","targetHints":{"allow":["GET"]}}],"collection":[{"href":"https:\/\/b4k.se\/da\/wp-json\/wp\/v2\/product"}],"about":[{"href":"https:\/\/b4k.se\/da\/wp-json\/wp\/v2\/types\/product"}],"wp:featuredmedia":[{"embeddable":true,"href":"https:\/\/b4k.se\/da\/wp-json\/wp\/v2\/media\/24821"}],"wp:attachment":[{"href":"https:\/\/b4k.se\/da\/wp-json\/wp\/v2\/media?parent=24836"}],"wp:term":[{"taxonomy":"product_brand","embeddable":true,"href":"https:\/\/b4k.se\/da\/wp-json\/wp\/v2\/product_brand?post=24836"},{"taxonomy":"product_cat","embeddable":true,"href":"https:\/\/b4k.se\/da\/wp-json\/wp\/v2\/product_cat?post=24836"},{"taxonomy":"product_tag","embeddable":true,"href":"https:\/\/b4k.se\/da\/wp-json\/wp\/v2\/product_tag?post=24836"}],"curies":[{"name":"wp","href":"https:\/\/api.w.org\/{rel}","templated":true}]}}