{"id":24831,"date":"2023-01-23T14:04:31","date_gmt":"2023-01-23T13:04:31","guid":{"rendered":"https:\/\/b4k.se\/product\/clear-control-blemish-treatment-15g-0-5oz\/"},"modified":"2025-01-11T19:14:46","modified_gmt":"2025-01-11T18:14:46","slug":"clear-control-blemish-treatment-15g-0-5oz","status":"publish","type":"product","link":"https:\/\/b4k.se\/da\/vare\/clear-control-blemish-treatment-15g-0-5oz\/","title":{"rendered":"Clear-Control Blemish Trt - 15 ml"},"content":{"rendered":"<p><strong>Anv\u00e4ndning:<\/strong><\/p>\n<p>Anv\u00e4nd morgon och\/eller kv\u00e4ll. Efter att ha rengjort huden med Clear-Control Exfoliator, applicera Clear-Control Blemish Treatment sparsamt p\u00e5 specifika finnar\/omr\u00e5den med finnar. Undvik \u00f6gonomr\u00e5det.<\/p>\n","protected":false},"excerpt":{"rendered":"<p>Kliniskt bevisad och speciellt framtagen f\u00f6r att ge optimala resultat till de som lider av akne, finnar och pormaskar. Produkten arbetar med att skonsamt eliminera d\u00f6da hudceller, f\u00f6roreningar och toxiner samt f\u00f6rhindrar epidermal f\u00f6rtjockning.<\/p>\n<p>Passar alla med akne och akneben\u00e4gna hudtyper med finnar och pormaskar. Kan \u00e4ven anv\u00e4ndas p\u00e5 br\u00f6st och rygg. Utm\u00e4rkt f\u00f6r rakfinnar.<\/p>\n","protected":false},"featured_media":24818,"template":"","meta":[],"product_brand":[],"product_cat":[198,199,200,201,182],"product_tag":[],"class_list":{"0":"post-24831","1":"product","2":"type-product","3":"status-publish","4":"has-post-thumbnail","6":"product_cat-pevonia-da","7":"product_cat-retail-da","8":"product_cat-essential-da","9":"product_cat-procorrective-clear-control-line","10":"product_cat-alla-produkter-da","12":"first","13":"instock","14":"taxable","15":"shipping-taxable","16":"purchasable","17":"product-type-simple"},"shsp-ext":{"main":{},"variations":[]},"_links":{"self":[{"href":"https:\/\/b4k.se\/da\/wp-json\/wp\/v2\/product\/24831","targetHints":{"allow":["GET"]}}],"collection":[{"href":"https:\/\/b4k.se\/da\/wp-json\/wp\/v2\/product"}],"about":[{"href":"https:\/\/b4k.se\/da\/wp-json\/wp\/v2\/types\/product"}],"wp:featuredmedia":[{"embeddable":true,"href":"https:\/\/b4k.se\/da\/wp-json\/wp\/v2\/media\/24818"}],"wp:attachment":[{"href":"https:\/\/b4k.se\/da\/wp-json\/wp\/v2\/media?parent=24831"}],"wp:term":[{"taxonomy":"product_brand","embeddable":true,"href":"https:\/\/b4k.se\/da\/wp-json\/wp\/v2\/product_brand?post=24831"},{"taxonomy":"product_cat","embeddable":true,"href":"https:\/\/b4k.se\/da\/wp-json\/wp\/v2\/product_cat?post=24831"},{"taxonomy":"product_tag","embeddable":true,"href":"https:\/\/b4k.se\/da\/wp-json\/wp\/v2\/product_tag?post=24831"}],"curies":[{"name":"wp","href":"https:\/\/api.w.org\/{rel}","templated":true}]}}