{"id":23669,"date":"2022-03-31T13:53:49","date_gmt":"2022-03-31T11:53:49","guid":{"rendered":"https:\/\/b4k.se\/product\/roll-on-deo-man-wood-tea-50ml\/"},"modified":"2026-01-23T14:29:51","modified_gmt":"2026-01-23T13:29:51","slug":"roll-on-deo-man-wood-tea-50ml","status":"publish","type":"product","link":"https:\/\/b4k.se\/da\/vare\/roll-on-deo-man-wood-tea-50ml\/","title":{"rendered":"Roll On Deo Man Wood Tea - 50ml"},"content":{"rendered":"<p><span style=\"font-weight: 400;\">Anvendelse:<\/span><\/p>\n<p><span style=\"font-weight: 400;\">Vask omr\u00e5derne, hvor deodoranten skal bruges, og p\u00e5f\u00f8r den derefter p\u00e5 huden.<\/span><\/p>\n","protected":false},"excerpt":{"rendered":"<p><span style=\"font-weight: 400;\">Deodorant med aloe vera-ekstrakt og \u00f8kplogisk destilleret lavendel- og salvievand.<\/span><\/p>\n<p><span style=\"font-weight: 400;\">Denne roll-on deodorant giver langvarig beskyttelse uden br\u00e6ndstof, ethylalkohol, allergener, aluminiumklorid eller andre aggressive stoffer. Den neutraliserer kropslugt uden at p\u00e5virke hudens fysiologiske balance eller forhindre normal perspiration. Deodoranten t\u00e5les ogs\u00e5 godt af f\u00f8lsom hud, den er specielt udviklet til at mindske risikoen for hudallergi. Fungerer perfekt til m\u00e6nd, der har et hektisk liv og \u00f8nsker at bevare en diskret, behagelig tr\u00e6agtig duft fra \u00e6teriske olier, hele dagen lang.<\/span><\/p>\n","protected":false},"featured_media":23303,"template":"","meta":[],"product_brand":[],"product_cat":[182],"product_tag":[],"class_list":{"0":"post-23669","1":"product","2":"type-product","3":"status-publish","4":"has-post-thumbnail","6":"product_cat-alla-produkter-da","8":"first","9":"outofstock","10":"taxable","11":"shipping-taxable","12":"purchasable","13":"product-type-simple"},"shsp-ext":{"main":{},"variations":[]},"_links":{"self":[{"href":"https:\/\/b4k.se\/da\/wp-json\/wp\/v2\/product\/23669","targetHints":{"allow":["GET"]}}],"collection":[{"href":"https:\/\/b4k.se\/da\/wp-json\/wp\/v2\/product"}],"about":[{"href":"https:\/\/b4k.se\/da\/wp-json\/wp\/v2\/types\/product"}],"wp:featuredmedia":[{"embeddable":true,"href":"https:\/\/b4k.se\/da\/wp-json\/wp\/v2\/media\/23303"}],"wp:attachment":[{"href":"https:\/\/b4k.se\/da\/wp-json\/wp\/v2\/media?parent=23669"}],"wp:term":[{"taxonomy":"product_brand","embeddable":true,"href":"https:\/\/b4k.se\/da\/wp-json\/wp\/v2\/product_brand?post=23669"},{"taxonomy":"product_cat","embeddable":true,"href":"https:\/\/b4k.se\/da\/wp-json\/wp\/v2\/product_cat?post=23669"},{"taxonomy":"product_tag","embeddable":true,"href":"https:\/\/b4k.se\/da\/wp-json\/wp\/v2\/product_tag?post=23669"}],"curies":[{"name":"wp","href":"https:\/\/api.w.org\/{rel}","templated":true}]}}