{"id":23661,"date":"2022-03-31T13:53:51","date_gmt":"2022-03-31T11:53:51","guid":{"rendered":"https:\/\/b4k.se\/product\/baby-sun-spray-spf-50-100ml\/"},"modified":"2022-03-31T13:53:51","modified_gmt":"2022-03-31T11:53:51","slug":"baby-sun-spray-spf-50-100ml","status":"publish","type":"product","link":"https:\/\/b4k.se\/da\/vare\/baby-sun-spray-spf-50-100ml\/","title":{"rendered":"BABY SUN SPRAY SPF 50+ - 100ml"},"content":{"rendered":"<p><span style=\"font-weight: 400;\">Anvendelse:<\/span><\/p>\n<p><span style=\"font-weight: 400;\">Ryst godt f\u00f8r brug. P\u00e5f\u00f8r f\u00f8r soleksponering og mass\u00e9r blidt for at spredes j\u00e6vnt (2 mg\/cm\u00b2). Vi anbefaler at gentage p\u00e5f\u00f8ringen hver 1-2 time for at bevare beskyttelsen i tilf\u00e6lde af overdreven sved og efter et brusebad eller en sv\u00f8mmetur. Kun udvendig brug.<\/span><\/p>\n","protected":false},"excerpt":{"rendered":"<p><span style=\"font-weight: 400;\">\u00d8kologisk solspray SPF50+ med h\u00f8j beskyttelse. Velegnet til den sarte og f\u00f8lsomme hud hos sp\u00e6db\u00f8rn, b\u00f8rn og m\u00f8dre under den f\u00f8rste soleksponering.<\/p>\n<p><\/span><span style=\"font-weight: 400;\"> Dette er en solbeskyttende spray med en konstant kilde til vitaminer der beskytter huden, med fuld beskyttelse mod UVA- og UVB-str\u00e5ler. Sprayen fugter huden uden at fedte og uden at skabe barrierer for hudens naturlige sved. Ideel b\u00e5de ved havet og i bjergene.<\/span><\/p>\n","protected":false},"featured_media":23304,"template":"","meta":[],"product_brand":[],"product_cat":[182],"product_tag":[],"class_list":{"0":"post-23661","1":"product","2":"type-product","3":"status-publish","4":"has-post-thumbnail","6":"product_cat-alla-produkter-da","8":"first","9":"instock","10":"taxable","11":"shipping-taxable","12":"purchasable","13":"product-type-simple"},"shsp-ext":{"main":{},"variations":[]},"_links":{"self":[{"href":"https:\/\/b4k.se\/da\/wp-json\/wp\/v2\/product\/23661","targetHints":{"allow":["GET"]}}],"collection":[{"href":"https:\/\/b4k.se\/da\/wp-json\/wp\/v2\/product"}],"about":[{"href":"https:\/\/b4k.se\/da\/wp-json\/wp\/v2\/types\/product"}],"wp:featuredmedia":[{"embeddable":true,"href":"https:\/\/b4k.se\/da\/wp-json\/wp\/v2\/media\/23304"}],"wp:attachment":[{"href":"https:\/\/b4k.se\/da\/wp-json\/wp\/v2\/media?parent=23661"}],"wp:term":[{"taxonomy":"product_brand","embeddable":true,"href":"https:\/\/b4k.se\/da\/wp-json\/wp\/v2\/product_brand?post=23661"},{"taxonomy":"product_cat","embeddable":true,"href":"https:\/\/b4k.se\/da\/wp-json\/wp\/v2\/product_cat?post=23661"},{"taxonomy":"product_tag","embeddable":true,"href":"https:\/\/b4k.se\/da\/wp-json\/wp\/v2\/product_tag?post=23661"}],"curies":[{"name":"wp","href":"https:\/\/api.w.org\/{rel}","templated":true}]}}